{"id":1474,"date":"2019-09-04T08:54:18","date_gmt":"2019-09-04T08:54:18","guid":{"rendered":"http:\/\/prep.bilkent.edu.tr\/en\/?page_id=1474"},"modified":"2024-12-12T11:57:34","modified_gmt":"2024-12-12T11:57:34","slug":"teaching-unit-1","status":"publish","type":"page","link":"http:\/\/prep.bilkent.edu.tr\/en\/teaching-units\/teaching-unit-1\/","title":{"rendered":"Teaching Unit 1"},"content":{"rendered":"<p>[vc_row][vc_column 0=&#8221;&#8221;][vc_column_text]<\/p>\n<table style=\"width: 41.896%; height: 418px;\">\n<tbody>\n<tr style=\"height: 129px;\">\n<td style=\"width: 45.5%; height: 129px;\" width=\"180\"><strong>Head of Teaching Unit 1<\/strong><strong>\u00a0<\/strong><\/p>\n<p>Place: N building, A 101<\/td>\n<td style=\"width: 52.5%; height: 129px;\" width=\"208\"><strong><a title=\"Asl\u0131 Sa\u011f\" href=\"http:\/\/catalog.bilkent.edu.tr\/current\/instructor\/i06048.html\" rel=\"noopener noreferrer\">Asl\u0131 Sa\u011f<\/a><\/strong><strong>\u00a0<\/strong><\/p>\n<p><strong>\u00a0<\/strong><\/td>\n<\/tr>\n<tr style=\"height: 27px;\">\n<td style=\"width: 45.5%; height: 27px;\" width=\"180\">Instructor<\/td>\n<td style=\"width: 52.5%; height: 27px;\" width=\"208\"><a href=\"https:\/\/catalog.bilkent.edu.tr\/instructor\/i02984.html\" target=\"_blank\" rel=\"noopener noreferrer\">Nurdan Ye\u015fil<\/a><\/td>\n<\/tr>\n<tr style=\"height: 27px;\">\n<td style=\"width: 45.5%; height: 27px;\" width=\"180\">Instructor<\/td>\n<td style=\"width: 52.5%; height: 27px;\" width=\"208\"><a href=\"https:\/\/catalog.bilkent.edu.tr\/instructor\/i06204.html\" target=\"_blank\" rel=\"noopener noreferrer\">\u00d6zlem Sydnay Turgut<\/a><\/td>\n<\/tr>\n<tr style=\"height: 27px;\">\n<td style=\"width: 45.5%; height: 27px;\" width=\"180\">Instructor<\/td>\n<td style=\"width: 52.5%; height: 27px;\" width=\"208\"><a href=\"https:\/\/catalog.bilkent.edu.tr\/instructor\/i06449.html\" target=\"_blank\" rel=\"noopener noreferrer\">Sevda Celik Barut<\/a><\/td>\n<\/tr>\n<tr style=\"height: 27px;\">\n<td style=\"width: 45.5%; height: 27px;\" width=\"180\">Instructor<\/td>\n<td style=\"width: 52.5%; height: 27px;\" width=\"208\"><a href=\"https:\/\/catalog.bilkent.edu.tr\/instructor\/i06688.html\" target=\"_blank\" rel=\"noopener noreferrer\">Mehvar Erg\u00fcn T\u00fcrkkan<\/a><\/td>\n<\/tr>\n<tr style=\"height: 27px;\">\n<td style=\"width: 45.5%; height: 27px;\" width=\"180\">Instructor<\/td>\n<td style=\"width: 52.5%; height: 27px;\" width=\"208\"><a href=\"https:\/\/catalog.bilkent.edu.tr\/instructor\/i08807.html\" target=\"_blank\" rel=\"noopener noreferrer\">Neslihan Erbil<\/a><\/td>\n<\/tr>\n<tr style=\"height: 27px;\">\n<td style=\"width: 45.5%; height: 27px;\" width=\"180\">Instructor<\/td>\n<td style=\"width: 52.5%; height: 27px;\" width=\"208\"><a href=\"https:\/\/catalog.bilkent.edu.tr\/instructor\/i07819.html\" target=\"_blank\" rel=\"noopener noreferrer\">Esra T\u00fcnay<\/a><\/td>\n<\/tr>\n<tr style=\"height: 27px;\">\n<td style=\"width: 45.5%; height: 27px;\" width=\"180\">Instructor<\/td>\n<td style=\"width: 52.5%; height: 27px;\" width=\"208\"><a href=\"https:\/\/catalog.bilkent.edu.tr\/instructor\/i07838.html\" target=\"_blank\" rel=\"noopener noreferrer\">Kamile \u00d6zkartal<\/a><\/td>\n<\/tr>\n<tr style=\"height: 27px;\">\n<td style=\"width: 45.5%; height: 27px;\" width=\"180\">Instructor<\/td>\n<td style=\"width: 52.5%; height: 27px;\" width=\"208\"><a href=\"https:\/\/catalog.bilkent.edu.tr\/instructor\/i13690.html\" target=\"_blank\" rel=\"noopener noreferrer\">Joseph Salvatore Aversano<\/a><\/td>\n<\/tr>\n<tr style=\"height: 27px;\">\n<td style=\"width: 45.5%; height: 27px;\" width=\"180\">Instructor<\/td>\n<td style=\"width: 52.5%; height: 27px;\" width=\"208\"><a href=\"https:\/\/catalog.bilkent.edu.tr\/instructor\/i07359.html\" target=\"_blank\" rel=\"noopener noreferrer\">\u0130lkay G\u00fcmg\u00fcn<\/a><\/td>\n<\/tr>\n<tr style=\"height: 27px;\">\n<td style=\"width: 45.5%; height: 27px;\" width=\"180\">Instructor<\/td>\n<td style=\"width: 52.5%; height: 27px;\" width=\"208\"><a href=\"https:\/\/catalog.bilkent.edu.tr\/instructor\/i12468.html\" target=\"_blank\" rel=\"noopener noreferrer\">Annelie Johnson<\/a><\/td>\n<\/tr>\n<tr style=\"height: 19px;\">\n<td style=\"width: 45.5%; height: 19px;\" width=\"180\">Instructor<\/td>\n<td style=\"width: 52.5%; height: 19px;\" width=\"208\"><a href=\"https:\/\/catalog.bilkent.edu.tr\/instructor\/i07103.html\" target=\"_blank\" rel=\"noopener noreferrer\">Gamze G\u00fcner<\/a><\/td>\n<\/tr>\n<\/tbody>\n<\/table>\n<table style=\"border-collapse: collapse; width: 41.8258%; height: 17px;\">\n<tbody>\n<tr style=\"height: 17px;\">\n<td style=\"width: 100%; height: 17px;\">\n<table style=\"border-collapse: collapse; width: 100%; height: 11px;\">\n<tbody>\n<tr style=\"height: 11px;\">\n<td style=\"width: 46.7005%; height: 11px;\">Instructor<\/td>\n<td style=\"width: 53.2995%; height: 11px;\"><a href=\"https:\/\/catalog.bilkent.edu.tr\/instructor\/i10430.html\">Travis Brent Dingler<\/a><\/td>\n<\/tr>\n<\/tbody>\n<\/table>\n<\/td>\n<\/tr>\n<\/tbody>\n<\/table>\n<table style=\"border-collapse: collapse; width: 41.7722%; height: 25px;\">\n<tbody>\n<tr>\n<td style=\"width: 46.9697%;\"><span style=\"font-size: 12pt;\">Instructor\u00a0 \u00a0 \u00a0 \u00a0 \u00a0 \u00a0 \u00a0 \u00a0 \u00a0 \u00a0 \u00a0 \u00a0 \u00a0\u00a0<\/span><\/td>\n<td style=\"width: 53.0303%;\"><span style=\"font-size: 12pt;\"><a href=\"https:\/\/catalog.bilkent.edu.tr\/instructor\/i06709.html\">Canan Suyolcu<\/a><\/span><\/td>\n<\/tr>\n<\/tbody>\n<\/table>\n<p>&nbsp;<\/p>\n<p>&nbsp;<\/p>\n<p>&nbsp;<\/p>\n<p>&nbsp;[\/vc_column_text][\/vc_column][\/vc_row]<\/p>\n","protected":false},"excerpt":{"rendered":"<p>[vc_row][vc_column 0=&#8221;&#8221;][vc_column_text] Head of Teaching Unit 1\u00a0 Place: N building, A 101 Asl\u0131 Sa\u011f\u00a0 \u00a0 Instructor Nurdan Ye\u015fil Instructor \u00d6zlem Sydnay Turgut Instructor Sevda Celik Barut Instructor Mehvar Erg\u00fcn T\u00fcrkkan Instructor Neslihan Erbil Instructor Esra T\u00fcnay Instructor Kamile \u00d6zkartal Instructor Joseph Salvatore Aversano Instructor \u0130lkay G\u00fcmg\u00fcn Instructor Annelie Johnson Instructor Gamze G\u00fcner Instructor Travis Brent &hellip; <a href=\"http:\/\/prep.bilkent.edu.tr\/en\/teaching-units\/teaching-unit-1\/\">Continue reading <span class=\"meta-nav\">&rarr;<\/span><\/a><\/p>\n","protected":false},"author":1,"featured_media":0,"parent":1462,"menu_order":0,"comment_status":"closed","ping_status":"closed","template":"","meta":{"_links_to":"","_links_to_target":""},"_links":{"self":[{"href":"http:\/\/prep.bilkent.edu.tr\/en\/wp-json\/wp\/v2\/pages\/1474"}],"collection":[{"href":"http:\/\/prep.bilkent.edu.tr\/en\/wp-json\/wp\/v2\/pages"}],"about":[{"href":"http:\/\/prep.bilkent.edu.tr\/en\/wp-json\/wp\/v2\/types\/page"}],"author":[{"embeddable":true,"href":"http:\/\/prep.bilkent.edu.tr\/en\/wp-json\/wp\/v2\/users\/1"}],"replies":[{"embeddable":true,"href":"http:\/\/prep.bilkent.edu.tr\/en\/wp-json\/wp\/v2\/comments?post=1474"}],"version-history":[{"count":10,"href":"http:\/\/prep.bilkent.edu.tr\/en\/wp-json\/wp\/v2\/pages\/1474\/revisions"}],"predecessor-version":[{"id":3077,"href":"http:\/\/prep.bilkent.edu.tr\/en\/wp-json\/wp\/v2\/pages\/1474\/revisions\/3077"}],"up":[{"embeddable":true,"href":"http:\/\/prep.bilkent.edu.tr\/en\/wp-json\/wp\/v2\/pages\/1462"}],"wp:attachment":[{"href":"http:\/\/prep.bilkent.edu.tr\/en\/wp-json\/wp\/v2\/media?parent=1474"}],"curies":[{"name":"wp","href":"https:\/\/api.w.org\/{rel}","templated":true}]}}