{"id":1476,"date":"2019-09-04T08:55:14","date_gmt":"2019-09-04T08:55:14","guid":{"rendered":"http:\/\/prep.bilkent.edu.tr\/en\/?page_id=1476"},"modified":"2024-12-12T12:07:30","modified_gmt":"2024-12-12T12:07:30","slug":"teaching-unit-2","status":"publish","type":"page","link":"http:\/\/prep.bilkent.edu.tr\/en\/teaching-units\/teaching-unit-2\/","title":{"rendered":"Teaching Unit 2"},"content":{"rendered":"<p>[vc_row][vc_column 0=&#8221;&#8221;][vc_column_text]&nbsp;<\/p>\n<table style=\"width: 42.99%;\">\n<tbody>\n<tr>\n<td style=\"width: 47.1463%;\" width=\"170\"><strong>Head of Teaching Unit 2<\/strong><strong>\u00a0<\/strong><\/p>\n<p>Place: D building, D 116<\/td>\n<td style=\"width: 50.8686%;\" width=\"217\"><strong><a title=\"Nazan Akt\u00fcrk\" href=\"http:\/\/catalog.bilkent.edu.tr\/current\/instructor\/i06051.html\" rel=\"noopener noreferrer\">Nazan Akt\u00fcrk<\/a><\/strong><\/p>\n<p><strong>\u00a0<\/strong><\/td>\n<\/tr>\n<tr>\n<td style=\"width: 47.1463%;\" width=\"170\">Instructor<\/td>\n<td style=\"width: 50.8686%;\" width=\"217\"><a href=\"https:\/\/catalog.bilkent.edu.tr\/instructor\/i00649.html\" target=\"_blank\" rel=\"noopener noreferrer\">Nihal Kurtay<\/a><\/td>\n<\/tr>\n<tr>\n<td style=\"width: 47.1463%;\" width=\"170\">Instructor<\/td>\n<td style=\"width: 50.8686%;\" width=\"217\"><a href=\"https:\/\/catalog.bilkent.edu.tr\/instructor\/i08174.html\" target=\"_blank\" rel=\"noopener noreferrer\">Efe Burak Yakar<\/a><\/td>\n<\/tr>\n<tr>\n<td style=\"width: 47.1463%;\" width=\"170\">Instructor<\/td>\n<td style=\"width: 50.8686%;\" width=\"217\"><a href=\"https:\/\/catalog.bilkent.edu.tr\/instructor\/i07160.html\" target=\"_blank\" rel=\"noopener noreferrer\">Seda \u00d6zdo\u011fan<\/a><\/td>\n<\/tr>\n<tr>\n<td style=\"width: 47.1463%;\" width=\"170\">Instructor<\/td>\n<td style=\"width: 50.8686%;\" width=\"217\"><a href=\"https:\/\/catalog.bilkent.edu.tr\/instructor\/i13744.html\" target=\"_blank\" rel=\"noopener noreferrer\">Serhan Bulan\u0131k<\/a><\/td>\n<\/tr>\n<tr>\n<td style=\"width: 47.1463%;\" width=\"170\">Instructor<\/td>\n<td style=\"width: 50.8686%;\" width=\"217\"><a href=\"https:\/\/catalog.bilkent.edu.tr\/instructor\/i10788.html\" target=\"_blank\" rel=\"noopener noreferrer\">Harun Di\u015flio\u011flu<\/a><\/td>\n<\/tr>\n<tr>\n<td style=\"width: 47.1463%;\" width=\"170\">Instructor<\/td>\n<td style=\"width: 50.8686%;\" width=\"217\"><a href=\"https:\/\/catalog.bilkent.edu.tr\/instructor\/i12472.html\" target=\"_blank\" rel=\"noopener noreferrer\">Micaela Kim Richter<\/a><\/td>\n<\/tr>\n<tr>\n<td style=\"width: 47.1463%;\" width=\"170\">Instructor<\/td>\n<td style=\"width: 50.8686%;\" width=\"217\"><a href=\"https:\/\/catalog.bilkent.edu.tr\/instructor\/i13335.html\">Beng\u00fc Cilal\u0131<\/a><\/td>\n<\/tr>\n<tr>\n<td style=\"width: 47.1463%;\" width=\"170\">Instructor<\/td>\n<td style=\"width: 50.8686%;\" width=\"217\"><a href=\"https:\/\/catalog.bilkent.edu.tr\/instructor\/i06043.html\" target=\"_blank\" rel=\"noopener noreferrer\">F\u00fcsun Ta\u015fkesen<\/a><\/td>\n<\/tr>\n<tr>\n<td style=\"width: 47.1463%;\" width=\"170\">Instructor<\/td>\n<td style=\"width: 50.8686%;\" width=\"217\"><a href=\"https:\/\/catalog.bilkent.edu.tr\/instructor\/i13280.html\">Carey Jane Bohnenkamp<\/a><\/td>\n<\/tr>\n<tr>\n<td style=\"width: 47.1463%;\" width=\"170\"><\/td>\n<td style=\"width: 50.8686%;\" width=\"217\"><\/td>\n<\/tr>\n<tr>\n<td style=\"width: 47.1463%;\" width=\"170\"><\/td>\n<td style=\"width: 50.8686%;\" width=\"217\"><\/td>\n<\/tr>\n<tr>\n<td style=\"width: 47.1463%;\" width=\"170\"><\/td>\n<td style=\"width: 50.8686%;\" width=\"217\"><\/td>\n<\/tr>\n<tr>\n<td style=\"width: 47.1463%;\"><\/td>\n<td style=\"width: 50.8686%;\"><\/td>\n<\/tr>\n<\/tbody>\n<\/table>\n<p>[\/vc_column_text][\/vc_column][\/vc_row]<\/p>\n","protected":false},"excerpt":{"rendered":"<p>[vc_row][vc_column 0=&#8221;&#8221;][vc_column_text]&nbsp; Head of Teaching Unit 2\u00a0 Place: D building, D 116 Nazan Akt\u00fcrk \u00a0 Instructor Nihal Kurtay Instructor Efe Burak Yakar Instructor Seda \u00d6zdo\u011fan Instructor Serhan Bulan\u0131k Instructor Harun Di\u015flio\u011flu Instructor Micaela Kim Richter Instructor Beng\u00fc Cilal\u0131 Instructor F\u00fcsun Ta\u015fkesen Instructor Carey Jane Bohnenkamp [\/vc_column_text][\/vc_column][\/vc_row]<\/p>\n","protected":false},"author":1,"featured_media":0,"parent":1462,"menu_order":0,"comment_status":"closed","ping_status":"closed","template":"","meta":{"_links_to":"","_links_to_target":""},"_links":{"self":[{"href":"http:\/\/prep.bilkent.edu.tr\/en\/wp-json\/wp\/v2\/pages\/1476"}],"collection":[{"href":"http:\/\/prep.bilkent.edu.tr\/en\/wp-json\/wp\/v2\/pages"}],"about":[{"href":"http:\/\/prep.bilkent.edu.tr\/en\/wp-json\/wp\/v2\/types\/page"}],"author":[{"embeddable":true,"href":"http:\/\/prep.bilkent.edu.tr\/en\/wp-json\/wp\/v2\/users\/1"}],"replies":[{"embeddable":true,"href":"http:\/\/prep.bilkent.edu.tr\/en\/wp-json\/wp\/v2\/comments?post=1476"}],"version-history":[{"count":10,"href":"http:\/\/prep.bilkent.edu.tr\/en\/wp-json\/wp\/v2\/pages\/1476\/revisions"}],"predecessor-version":[{"id":3078,"href":"http:\/\/prep.bilkent.edu.tr\/en\/wp-json\/wp\/v2\/pages\/1476\/revisions\/3078"}],"up":[{"embeddable":true,"href":"http:\/\/prep.bilkent.edu.tr\/en\/wp-json\/wp\/v2\/pages\/1462"}],"wp:attachment":[{"href":"http:\/\/prep.bilkent.edu.tr\/en\/wp-json\/wp\/v2\/media?parent=1476"}],"curies":[{"name":"wp","href":"https:\/\/api.w.org\/{rel}","templated":true}]}}