{"id":1478,"date":"2019-09-04T08:55:47","date_gmt":"2019-09-04T08:55:47","guid":{"rendered":"http:\/\/prep.bilkent.edu.tr\/en\/?page_id=1478"},"modified":"2024-12-12T12:08:40","modified_gmt":"2024-12-12T12:08:40","slug":"teaching-unit-3","status":"publish","type":"page","link":"http:\/\/prep.bilkent.edu.tr\/en\/teaching-units\/teaching-unit-3\/","title":{"rendered":"Teaching Unit 3"},"content":{"rendered":"<p>[vc_row 0=&#8221;&#8221;][vc_column][vc_column_text 0=&#8221;&#8221;]<\/p>\n<table style=\"width: 42.99%;\">\n<tbody>\n<tr>\n<td style=\"width: 44.4169%;\" width=\"170\"><strong>Head of Teaching Unit 3<\/strong><strong>\u00a0<\/strong><\/p>\n<p>Place: N Building, A 202<\/td>\n<td style=\"width: 53.598%;\" width=\"217\"><strong><a title=\"Zeynep Kire\u00e7ci\" href=\"http:\/\/catalog.bilkent.edu.tr\/current\/instructor\/i07825.html\" rel=\"noopener noreferrer\">Zeynep Sa\u00e7an<\/a><\/strong><\/p>\n<p>&nbsp;<\/td>\n<\/tr>\n<tr>\n<td style=\"width: 44.4169%;\" width=\"170\">Instructor<\/td>\n<td style=\"width: 53.598%;\" width=\"217\"><a href=\"https:\/\/catalog.bilkent.edu.tr\/instructor\/i03356.html\" target=\"_blank\" rel=\"noopener noreferrer\">Clare Yal\u00e7\u0131n<\/a><\/td>\n<\/tr>\n<tr>\n<td style=\"width: 44.4169%;\" width=\"170\">Instructor<\/td>\n<td style=\"width: 53.598%;\" width=\"217\"><a href=\"https:\/\/catalog.bilkent.edu.tr\/instructor\/i04338.html\" target=\"_blank\" rel=\"noopener noreferrer\">Dilek Bilgi\u00e7<\/a><\/td>\n<\/tr>\n<tr>\n<td style=\"width: 44.4169%;\" width=\"170\">Instructor<\/td>\n<td style=\"width: 53.598%;\" width=\"217\"><a href=\"https:\/\/catalog.bilkent.edu.tr\/instructor\/i13334.html\" target=\"_blank\" rel=\"noopener noreferrer\">Cemre<\/a> Ece K\u0131rcal\u0131<\/td>\n<\/tr>\n<tr>\n<td style=\"width: 44.4169%;\" width=\"170\">Instructor<\/td>\n<td style=\"width: 53.598%;\" width=\"217\"><a href=\"https:\/\/catalog.bilkent.edu.tr\/instructor\/i13293.html\" target=\"_blank\" rel=\"noopener noreferrer\">Ramsey David Klassen<\/a><\/td>\n<\/tr>\n<tr>\n<td style=\"width: 44.4169%;\" width=\"170\">Instructor<\/td>\n<td style=\"width: 53.598%;\" width=\"217\"><a href=\"https:\/\/catalog.bilkent.edu.tr\/instructor\/i10564.html\" target=\"_blank\" rel=\"noopener noreferrer\">Merve Ersoy<\/a><\/td>\n<\/tr>\n<tr>\n<td style=\"width: 44.4169%;\" width=\"170\">Instructor<\/td>\n<td style=\"width: 53.598%;\" width=\"217\"><a href=\"https:\/\/catalog.bilkent.edu.tr\/instructor\/i10796.html\" target=\"_blank\" rel=\"noopener noreferrer\">Nihan K\u0131l\u0131\u00e7<\/a><\/td>\n<\/tr>\n<tr>\n<td style=\"width: 44.4169%;\" width=\"170\">Instructor<\/td>\n<td style=\"width: 53.598%;\" width=\"217\"><a href=\"https:\/\/catalog.bilkent.edu.tr\/instructor\/i10609.html\" target=\"_blank\" rel=\"noopener noreferrer\">Alena \u0130riskulova<\/a><\/td>\n<\/tr>\n<tr>\n<td style=\"width: 44.4169%;\" width=\"170\">Instructor<\/td>\n<td style=\"width: 53.598%;\" width=\"217\"><a href=\"https:\/\/catalog.bilkent.edu.tr\/instructor\/i12204.html\">Cameron Beale<\/a><\/td>\n<\/tr>\n<tr>\n<td style=\"width: 44.4169%;\" width=\"170\">Instructor<\/td>\n<td style=\"width: 53.598%;\" width=\"217\"><a href=\"https:\/\/catalog.bilkent.edu.tr\/instructor\/i12545.html\" target=\"_blank\" rel=\"noopener noreferrer\">Ozan Ekici<\/a><\/td>\n<\/tr>\n<tr>\n<td style=\"width: 44.4169%;\" width=\"170\">Instructor<\/td>\n<td style=\"width: 53.598%;\" width=\"217\"><a href=\"https:\/\/catalog.bilkent.edu.tr\/instructor\/i07003.html\" target=\"_blank\" rel=\"noopener noreferrer\">Zeynep Eken Kaptan<\/a><\/td>\n<\/tr>\n<tr>\n<td style=\"width: 44.4169%;\" width=\"170\">Instructor<\/td>\n<td style=\"width: 53.598%;\" width=\"217\"><a href=\"https:\/\/catalog.bilkent.edu.tr\/instructor\/i08166.html\" target=\"_blank\" rel=\"noopener noreferrer\">Bilge \u00c7\u00f6ll\u00fc\u011flu Yakar<\/a><\/td>\n<\/tr>\n<tr>\n<td style=\"width: 44.4169%;\"><\/td>\n<td style=\"width: 53.598%;\"><\/td>\n<\/tr>\n<\/tbody>\n<\/table>\n<p>[\/vc_column_text][\/vc_column][\/vc_row]<\/p>\n","protected":false},"excerpt":{"rendered":"<p>[vc_row 0=&#8221;&#8221;][vc_column][vc_column_text 0=&#8221;&#8221;] Head of Teaching Unit 3\u00a0 Place: N Building, A 202 Zeynep Sa\u00e7an &nbsp; Instructor Clare Yal\u00e7\u0131n Instructor Dilek Bilgi\u00e7 Instructor Cemre Ece K\u0131rcal\u0131 Instructor Ramsey David Klassen Instructor Merve Ersoy Instructor Nihan K\u0131l\u0131\u00e7 Instructor Alena \u0130riskulova Instructor Cameron Beale Instructor Ozan Ekici Instructor Zeynep Eken Kaptan Instructor Bilge \u00c7\u00f6ll\u00fc\u011flu Yakar [\/vc_column_text][\/vc_column][\/vc_row]<\/p>\n","protected":false},"author":1,"featured_media":0,"parent":1462,"menu_order":0,"comment_status":"closed","ping_status":"closed","template":"","meta":{"_links_to":"","_links_to_target":""},"_links":{"self":[{"href":"http:\/\/prep.bilkent.edu.tr\/en\/wp-json\/wp\/v2\/pages\/1478"}],"collection":[{"href":"http:\/\/prep.bilkent.edu.tr\/en\/wp-json\/wp\/v2\/pages"}],"about":[{"href":"http:\/\/prep.bilkent.edu.tr\/en\/wp-json\/wp\/v2\/types\/page"}],"author":[{"embeddable":true,"href":"http:\/\/prep.bilkent.edu.tr\/en\/wp-json\/wp\/v2\/users\/1"}],"replies":[{"embeddable":true,"href":"http:\/\/prep.bilkent.edu.tr\/en\/wp-json\/wp\/v2\/comments?post=1478"}],"version-history":[{"count":9,"href":"http:\/\/prep.bilkent.edu.tr\/en\/wp-json\/wp\/v2\/pages\/1478\/revisions"}],"predecessor-version":[{"id":3079,"href":"http:\/\/prep.bilkent.edu.tr\/en\/wp-json\/wp\/v2\/pages\/1478\/revisions\/3079"}],"up":[{"embeddable":true,"href":"http:\/\/prep.bilkent.edu.tr\/en\/wp-json\/wp\/v2\/pages\/1462"}],"wp:attachment":[{"href":"http:\/\/prep.bilkent.edu.tr\/en\/wp-json\/wp\/v2\/media?parent=1478"}],"curies":[{"name":"wp","href":"https:\/\/api.w.org\/{rel}","templated":true}]}}