{"id":1480,"date":"2019-09-04T08:56:20","date_gmt":"2019-09-04T08:56:20","guid":{"rendered":"http:\/\/prep.bilkent.edu.tr\/en\/?page_id=1480"},"modified":"2025-09-01T11:14:19","modified_gmt":"2025-09-01T11:14:19","slug":"teaching-unit-4","status":"publish","type":"page","link":"http:\/\/prep.bilkent.edu.tr\/en\/teaching-units\/teaching-unit-4\/","title":{"rendered":"Teaching Unit 4"},"content":{"rendered":"<p>[vc_row][vc_column 0=&#8221;&#8221;][vc_column_text]<\/p>\n<table>\n<tbody>\n<tr>\n<td width=\"170\"><strong>Head of Teaching Unit 4<\/strong><strong>\u00a0<\/strong><\/p>\n<p>Place: C building, DZ-13<\/td>\n<td width=\"217\"><a href=\"https:\/\/catalog.bilkent.edu.tr\/instructor\/i08176.html\" target=\"_blank\" rel=\"noopener noreferrer\">Emine Zafer Nizam<\/a><\/p>\n<p>&nbsp;<\/td>\n<\/tr>\n<tr>\n<td width=\"170\">Instructor<\/td>\n<td width=\"217\"><a href=\"https:\/\/catalog.bilkent.edu.tr\/instructor\/i03010.html\" target=\"_blank\" rel=\"noopener noreferrer\">Hilal Atl\u0131<\/a><\/td>\n<\/tr>\n<tr>\n<td width=\"170\">Instructor<\/td>\n<td width=\"217\"><a href=\"https:\/\/catalog.bilkent.edu.tr\/instructor\/i03907.html\" target=\"_blank\" rel=\"noopener noreferrer\">Ebru Emine Ecer<\/a><\/td>\n<\/tr>\n<tr>\n<td width=\"170\">Instructor<\/td>\n<td width=\"217\"><a href=\"https:\/\/catalog.bilkent.edu.tr\/instructor\/i06736.html\" target=\"_blank\" rel=\"noopener noreferrer\">Pelin Yetkin<\/a><\/td>\n<\/tr>\n<tr>\n<td width=\"170\">Instructor<\/td>\n<td width=\"217\"><a href=\"https:\/\/catalog.bilkent.edu.tr\/instructor\/i07036.html\" target=\"_blank\" rel=\"noopener noreferrer\">Steven Hobson<\/a><\/td>\n<\/tr>\n<tr>\n<td width=\"170\">Instructor<\/td>\n<td width=\"217\"><a href=\"https:\/\/catalog.bilkent.edu.tr\/instructor\/i12207.html\" target=\"_blank\" rel=\"noopener noreferrer\">Kayla Marie Etherton<\/a><\/td>\n<\/tr>\n<tr>\n<td width=\"170\">Instructor<\/td>\n<td width=\"217\"><a href=\"https:\/\/catalog.bilkent.edu.tr\/instructor\/i07104.html\" target=\"_blank\" rel=\"noopener noreferrer\">G\u00fclcan Kuyumcu<\/a><\/td>\n<\/tr>\n<tr>\n<td width=\"170\">Instructor<\/td>\n<td width=\"217\"><a href=\"https:\/\/catalog.bilkent.edu.tr\/instructor\/i11718.html\" target=\"_blank\" rel=\"noopener noreferrer\">Jason Lee William Mosier<\/a><\/td>\n<\/tr>\n<tr>\n<td width=\"170\">Instructor<\/td>\n<td width=\"217\"><a href=\"https:\/\/catalog.bilkent.edu.tr\/instructor\/i07834.html\" target=\"_blank\" rel=\"noopener noreferrer\">Serap Y\u0131ld\u0131r\u0131m Varol<\/a><\/td>\n<\/tr>\n<tr>\n<td width=\"170\">Instructor<\/td>\n<td width=\"217\"><a href=\"https:\/\/catalog.bilkent.edu.tr\/instructor\/i13336.html\" target=\"_blank\" rel=\"noopener noreferrer\">B\u00fc\u015fra Ay<\/a><\/td>\n<\/tr>\n<tr>\n<td width=\"170\">Instructor<\/td>\n<td width=\"217\"><a href=\"https:\/\/catalog.bilkent.edu.tr\/instructor\/i12768.html\" target=\"_blank\" rel=\"noopener noreferrer\">Buket Meryumo\u011flu<\/a><\/td>\n<\/tr>\n<tr>\n<td width=\"170\"><\/td>\n<td width=\"217\"><\/td>\n<\/tr>\n<tr>\n<td width=\"170\"><\/td>\n<td width=\"217\"><\/td>\n<\/tr>\n<\/tbody>\n<\/table>\n<p>[\/vc_column_text][\/vc_column][\/vc_row]<\/p>\n","protected":false},"excerpt":{"rendered":"<p>[vc_row][vc_column 0=&#8221;&#8221;][vc_column_text] Head of Teaching Unit 4\u00a0 Place: C building, DZ-13 Emine Zafer Nizam &nbsp; Instructor Hilal Atl\u0131 Instructor Ebru Emine Ecer Instructor Pelin Yetkin Instructor Steven Hobson Instructor Kayla Marie Etherton Instructor G\u00fclcan Kuyumcu Instructor Jason Lee William Mosier Instructor Serap Y\u0131ld\u0131r\u0131m Varol Instructor B\u00fc\u015fra Ay Instructor Buket Meryumo\u011flu [\/vc_column_text][\/vc_column][\/vc_row]<\/p>\n","protected":false},"author":1,"featured_media":0,"parent":1462,"menu_order":0,"comment_status":"closed","ping_status":"closed","template":"","meta":{"_links_to":"","_links_to_target":""},"_links":{"self":[{"href":"http:\/\/prep.bilkent.edu.tr\/en\/wp-json\/wp\/v2\/pages\/1480"}],"collection":[{"href":"http:\/\/prep.bilkent.edu.tr\/en\/wp-json\/wp\/v2\/pages"}],"about":[{"href":"http:\/\/prep.bilkent.edu.tr\/en\/wp-json\/wp\/v2\/types\/page"}],"author":[{"embeddable":true,"href":"http:\/\/prep.bilkent.edu.tr\/en\/wp-json\/wp\/v2\/users\/1"}],"replies":[{"embeddable":true,"href":"http:\/\/prep.bilkent.edu.tr\/en\/wp-json\/wp\/v2\/comments?post=1480"}],"version-history":[{"count":7,"href":"http:\/\/prep.bilkent.edu.tr\/en\/wp-json\/wp\/v2\/pages\/1480\/revisions"}],"predecessor-version":[{"id":3204,"href":"http:\/\/prep.bilkent.edu.tr\/en\/wp-json\/wp\/v2\/pages\/1480\/revisions\/3204"}],"up":[{"embeddable":true,"href":"http:\/\/prep.bilkent.edu.tr\/en\/wp-json\/wp\/v2\/pages\/1462"}],"wp:attachment":[{"href":"http:\/\/prep.bilkent.edu.tr\/en\/wp-json\/wp\/v2\/media?parent=1480"}],"curies":[{"name":"wp","href":"https:\/\/api.w.org\/{rel}","templated":true}]}}