{"id":1482,"date":"2019-09-04T08:56:47","date_gmt":"2019-09-04T08:56:47","guid":{"rendered":"http:\/\/prep.bilkent.edu.tr\/en\/?page_id=1482"},"modified":"2025-09-18T08:53:03","modified_gmt":"2025-09-18T08:53:03","slug":"teaching-unit-5","status":"publish","type":"page","link":"http:\/\/prep.bilkent.edu.tr\/en\/teaching-units\/teaching-unit-5\/","title":{"rendered":"Teaching Unit 5"},"content":{"rendered":"<p>[vc_row][vc_column 0=&#8221;&#8221;][vc_column_text]<\/p>\n<table style=\"width: 41.8623%; height: 387px;\">\n<tbody>\n<tr style=\"height: 129px;\">\n<td style=\"width: 50.0959%; height: 129px;\" width=\"170\"><strong>Head of Teaching Unit 5<\/strong><strong>\u00a0<\/strong><\/p>\n<p>Place: D building, D 216<\/td>\n<td style=\"width: 47.7906%;\"><a href=\"https:\/\/catalog.bilkent.edu.tr\/instructor\/i06450.html\">\u00a0\u0130lknur Hal\u0131c\u0131 Y\u0131lmaz M.A.<\/a><\/td>\n<\/tr>\n<tr style=\"height: 27px;\">\n<td style=\"width: 50.0959%; height: 27px;\" width=\"170\">Instructor<\/td>\n<td style=\"width: 47.7906%; height: 27px;\" width=\"217\"><a href=\"https:\/\/catalog.bilkent.edu.tr\/instructor\/i06057.html\" target=\"_blank\" rel=\"noopener noreferrer\">M\u00fcge Da\u011fl\u0131<\/a><\/td>\n<\/tr>\n<tr style=\"height: 27px;\">\n<td style=\"width: 50.0959%; height: 27px;\" width=\"170\">Instructor<\/td>\n<td style=\"width: 47.7906%; height: 27px;\" width=\"217\"><a href=\"https:\/\/catalog.bilkent.edu.tr\/instructor\/i06465.html\" target=\"_blank\" rel=\"noopener noreferrer\">Burak \u00dcskent<\/a><\/td>\n<\/tr>\n<tr style=\"height: 27px;\">\n<td style=\"width: 50.0959%; height: 27px;\" width=\"170\">Instructor<\/td>\n<td style=\"width: 47.7906%; height: 27px;\" width=\"217\"><a href=\"https:\/\/catalog.bilkent.edu.tr\/instructor\/i07344.html\" target=\"_blank\" rel=\"noopener noreferrer\">\u00c7i\u011fdem F\u0131\u00e7\u0131c\u0131<\/a><\/td>\n<\/tr>\n<tr style=\"height: 27px;\">\n<td style=\"width: 50.0959%; height: 27px;\" width=\"170\">Instructor<\/td>\n<td style=\"width: 47.7906%; height: 27px;\" width=\"217\"><a href=\"https:\/\/catalog.bilkent.edu.tr\/instructor\/i08164.html\" target=\"_blank\" rel=\"noopener noreferrer\">Samime \u00c7elik Akta\u015f<\/a><\/td>\n<\/tr>\n<tr style=\"height: 27px;\">\n<td style=\"width: 50.0959%; height: 27px;\" width=\"170\">Instructor<\/td>\n<td style=\"width: 47.7906%; height: 27px;\" width=\"217\"><a href=\"https:\/\/catalog.bilkent.edu.tr\/instructor\/i08813.html\" target=\"_blank\" rel=\"noopener noreferrer\">H\u00fclya Can<\/a><\/td>\n<\/tr>\n<tr style=\"height: 27px;\">\n<td style=\"width: 50.0959%; height: 27px;\" width=\"170\">Instructor<\/td>\n<td style=\"width: 47.7906%; height: 27px;\" width=\"217\"><a href=\"https:\/\/catalog.bilkent.edu.tr\/instructor\/i10823.html\" target=\"_blank\" rel=\"noopener noreferrer\">Ecem \u0130\u015fbilir<\/a><\/td>\n<\/tr>\n<tr style=\"height: 27px;\">\n<td style=\"width: 50.0959%; height: 27px;\" width=\"170\">Instructor<\/td>\n<td style=\"width: 47.7906%; height: 27px;\" width=\"217\"><a href=\"https:\/\/catalog.bilkent.edu.tr\/instructor\/i11219.html\" target=\"_blank\" rel=\"noopener noreferrer\">Connor Kelleher<\/a><\/td>\n<\/tr>\n<tr style=\"height: 27px;\">\n<td style=\"width: 50.0959%; height: 27px;\" width=\"170\">Instructor<\/td>\n<td style=\"width: 47.7906%; height: 27px;\" width=\"217\"><a href=\"https:\/\/catalog.bilkent.edu.tr\/instructor\/i12466.html\" target=\"_blank\" rel=\"noopener noreferrer\">Rachel Garza<\/a><\/td>\n<\/tr>\n<tr style=\"height: 26px;\">\n<td style=\"width: 50.0959%; height: 26px;\" width=\"170\">Instructor<\/td>\n<td style=\"width: 47.7906%; height: 26px;\" width=\"217\"><a href=\"https:\/\/catalog.bilkent.edu.tr\/instructor\/i07107.html\" target=\"_blank\" rel=\"noopener noreferrer\">Azra Uslu<\/a><\/td>\n<\/tr>\n<tr style=\"height: 27px;\">\n<td style=\"width: 50.0959%; height: 16px;\" width=\"170\">Instructor<\/td>\n<td style=\"width: 47.7906%; height: 16px;\" width=\"217\"><a href=\"https:\/\/catalog.bilkent.edu.tr\/instructor\/i13278.html\" target=\"_blank\" rel=\"noopener noreferrer\">Alexandra Heeg Polzin<\/a><\/td>\n<\/tr>\n<\/tbody>\n<\/table>\n<table style=\"border-collapse: collapse; width: 41.7193%; height: 6px;\">\n<tbody>\n<tr style=\"height: 27px;\">\n<td style=\"width: 46.2091%; height: 10px;\"><\/td>\n<td style=\"width: 54.2947%; height: 10px;\"><\/td>\n<\/tr>\n<\/tbody>\n<\/table>\n<table style=\"border-collapse: collapse; width: 41.8239%;\">\n<tbody>\n<tr>\n<td style=\"width: 100%;\">\n<table style=\"border-collapse: collapse; width: 101.01%; height: 5px;\">\n<tbody>\n<tr style=\"height: 10px;\">\n<td style=\"width: 46.7089%; height: 10px;\"><\/td>\n<td style=\"width: 53.2911%; height: 10px;\"><\/td>\n<\/tr>\n<\/tbody>\n<\/table>\n<\/td>\n<\/tr>\n<\/tbody>\n<\/table>\n<p>[\/vc_column_text][\/vc_column][\/vc_row]<\/p>\n","protected":false},"excerpt":{"rendered":"<p>[vc_row][vc_column 0=&#8221;&#8221;][vc_column_text] Head of Teaching Unit 5\u00a0 Place: D building, D 216 \u00a0\u0130lknur Hal\u0131c\u0131 Y\u0131lmaz M.A. Instructor M\u00fcge Da\u011fl\u0131 Instructor Burak \u00dcskent Instructor \u00c7i\u011fdem F\u0131\u00e7\u0131c\u0131 Instructor Samime \u00c7elik Akta\u015f Instructor H\u00fclya Can Instructor Ecem \u0130\u015fbilir Instructor Connor Kelleher Instructor Rachel Garza Instructor Azra Uslu Instructor Alexandra Heeg Polzin [\/vc_column_text][\/vc_column][\/vc_row]<\/p>\n","protected":false},"author":1,"featured_media":0,"parent":1462,"menu_order":0,"comment_status":"closed","ping_status":"closed","template":"","meta":{"_links_to":"","_links_to_target":""},"_links":{"self":[{"href":"http:\/\/prep.bilkent.edu.tr\/en\/wp-json\/wp\/v2\/pages\/1482"}],"collection":[{"href":"http:\/\/prep.bilkent.edu.tr\/en\/wp-json\/wp\/v2\/pages"}],"about":[{"href":"http:\/\/prep.bilkent.edu.tr\/en\/wp-json\/wp\/v2\/types\/page"}],"author":[{"embeddable":true,"href":"http:\/\/prep.bilkent.edu.tr\/en\/wp-json\/wp\/v2\/users\/1"}],"replies":[{"embeddable":true,"href":"http:\/\/prep.bilkent.edu.tr\/en\/wp-json\/wp\/v2\/comments?post=1482"}],"version-history":[{"count":20,"href":"http:\/\/prep.bilkent.edu.tr\/en\/wp-json\/wp\/v2\/pages\/1482\/revisions"}],"predecessor-version":[{"id":3256,"href":"http:\/\/prep.bilkent.edu.tr\/en\/wp-json\/wp\/v2\/pages\/1482\/revisions\/3256"}],"up":[{"embeddable":true,"href":"http:\/\/prep.bilkent.edu.tr\/en\/wp-json\/wp\/v2\/pages\/1462"}],"wp:attachment":[{"href":"http:\/\/prep.bilkent.edu.tr\/en\/wp-json\/wp\/v2\/media?parent=1482"}],"curies":[{"name":"wp","href":"https:\/\/api.w.org\/{rel}","templated":true}]}}