{"id":1484,"date":"2019-09-04T08:58:43","date_gmt":"2019-09-04T08:58:43","guid":{"rendered":"http:\/\/prep.bilkent.edu.tr\/en\/?page_id=1484"},"modified":"2025-09-18T08:55:03","modified_gmt":"2025-09-18T08:55:03","slug":"teaching-unit-6","status":"publish","type":"page","link":"http:\/\/prep.bilkent.edu.tr\/en\/teaching-units\/teaching-unit-6\/","title":{"rendered":"Teaching Unit 6"},"content":{"rendered":"<p>[vc_row][vc_column 0=&#8221;&#8221;][vc_column_text]&nbsp;<\/p>\n<table style=\"width: 42.99%; height: 453px;\">\n<tbody>\n<tr style=\"height: 156px;\">\n<td style=\"height: 156px; width: 46.9586%;\" width=\"170\"><strong>Head of Teaching Unit 6<\/strong><strong>\u00a0<\/strong><\/p>\n<p>Place: N building, AZ-05<\/td>\n<td style=\"height: 156px; width: 50.8516%;\" width=\"217\"><a href=\"https:\/\/catalog.bilkent.edu.tr\/instructor\/i10825.html\"><span style=\"font-family: inherit; font-size: inherit;\">\u00a0G\u00f6rkem Ayd\u0131n\u00a0<\/span><\/a><\/p>\n<p>&nbsp;<\/td>\n<\/tr>\n<tr style=\"height: 27px;\">\n<td style=\"height: 27px; width: 46.9586%;\" width=\"170\">Instructor<\/td>\n<td style=\"height: 27px; width: 50.8516%;\" width=\"217\"><a href=\"https:\/\/catalog.bilkent.edu.tr\/instructor\/i03600.html\" target=\"_blank\" rel=\"noopener noreferrer\">M\u00fcge Erten<\/a><\/td>\n<\/tr>\n<tr style=\"height: 27px;\">\n<td style=\"height: 27px; width: 46.9586%;\" width=\"170\">Instructor<\/td>\n<td style=\"height: 27px; width: 50.8516%;\" width=\"217\"><a href=\"https:\/\/catalog.bilkent.edu.tr\/instructor\/i04969.html\" target=\"_blank\" rel=\"noopener noreferrer\">Se\u00e7il Ko\u00e7al<\/a><\/td>\n<\/tr>\n<tr style=\"height: 27px;\">\n<td style=\"height: 27px; width: 46.9586%;\" width=\"170\">Instructor<\/td>\n<td style=\"height: 27px; width: 50.8516%;\" width=\"217\"><a href=\"https:\/\/catalog.bilkent.edu.tr\/instructor\/i05663.html\" target=\"_blank\" rel=\"noopener noreferrer\">Ebru Atakurt<\/a><\/td>\n<\/tr>\n<tr style=\"height: 27px;\">\n<td style=\"height: 27px; width: 46.9586%;\" width=\"170\">Instructor<\/td>\n<td style=\"height: 27px; width: 50.8516%;\" width=\"217\"><a href=\"https:\/\/catalog.bilkent.edu.tr\/instructor\/i07830.html\" target=\"_blank\" rel=\"noopener noreferrer\">Saliha G\u00fcrb\u00fczdal<\/a><\/td>\n<\/tr>\n<tr style=\"height: 27px;\">\n<td style=\"height: 27px; width: 46.9586%;\" width=\"170\">Instructor<\/td>\n<td style=\"height: 27px; width: 50.8516%;\" width=\"217\"><a href=\"https:\/\/catalog.bilkent.edu.tr\/instructor\/i12954.html\" target=\"_blank\" rel=\"noopener noreferrer\">Simon James Harvey Brunker<\/a><\/td>\n<\/tr>\n<tr style=\"height: 27px;\">\n<td style=\"height: 27px; width: 46.9586%;\" width=\"170\">Instructor<\/td>\n<td style=\"height: 27px; width: 50.8516%;\" width=\"217\"><a href=\"https:\/\/catalog.bilkent.edu.tr\/instructor\/i08822.html\" target=\"_blank\" rel=\"noopener noreferrer\">Pelin Tekin<\/a><\/td>\n<\/tr>\n<tr style=\"height: 27px;\">\n<td style=\"height: 27px; width: 46.9586%;\" width=\"170\">Instructor<\/td>\n<td style=\"height: 27px; width: 50.8516%;\" width=\"217\"><a href=\"https:\/\/catalog.bilkent.edu.tr\/instructor\/i07021.html\" target=\"_blank\" rel=\"noopener noreferrer\">Fatma G\u00fcl Y\u0131ld\u0131r\u0131m<\/a><\/td>\n<\/tr>\n<tr style=\"height: 27px;\">\n<td style=\"height: 27px; width: 46.9586%;\" width=\"170\">Instructor<\/td>\n<td style=\"height: 27px; width: 50.8516%;\" width=\"217\"><a href=\"https:\/\/catalog.bilkent.edu.tr\/instructor\/i12201.html\" target=\"_blank\" rel=\"noopener noreferrer\">Richard Wallace<\/a><\/td>\n<\/tr>\n<tr style=\"height: 27px;\">\n<td style=\"height: 27px; width: 46.9586%;\" width=\"170\">Instructor<\/td>\n<td style=\"height: 27px; width: 50.8516%;\" width=\"217\"><a href=\"https:\/\/catalog.bilkent.edu.tr\/instructor\/i13332.html\" target=\"_blank\" rel=\"noopener noreferrer\">Funda Bilgen<\/a><\/td>\n<\/tr>\n<tr style=\"height: 27px;\">\n<td style=\"height: 27px; width: 46.9586%;\" width=\"170\">Instructor<\/td>\n<td style=\"height: 27px; width: 50.8516%;\" width=\"217\"><a href=\"https:\/\/catalog.bilkent.edu.tr\/instructor\/i10826.html\">Melike Ay\u015fe T\u00fcrkmeno\u011flu<\/a><\/td>\n<\/tr>\n<tr style=\"height: 27px;\">\n<td style=\"height: 27px; width: 46.9586%;\" width=\"170\">Instructor<\/td>\n<td style=\"height: 27px; width: 50.8516%;\" width=\"217\"><a href=\"https:\/\/catalog.bilkent.edu.tr\/instructor\/i13279.html\" target=\"_blank\" rel=\"noopener noreferrer\">Ashley Villante Cox<\/a><\/td>\n<\/tr>\n<\/tbody>\n<\/table>\n<p>[\/vc_column_text][\/vc_column][\/vc_row]<\/p>\n","protected":false},"excerpt":{"rendered":"<p>[vc_row][vc_column 0=&#8221;&#8221;][vc_column_text]&nbsp; Head of Teaching Unit 6\u00a0 Place: N building, AZ-05 \u00a0G\u00f6rkem Ayd\u0131n\u00a0 &nbsp; Instructor M\u00fcge Erten Instructor Se\u00e7il Ko\u00e7al Instructor Ebru Atakurt Instructor Saliha G\u00fcrb\u00fczdal Instructor Simon James Harvey Brunker Instructor Pelin Tekin Instructor Fatma G\u00fcl Y\u0131ld\u0131r\u0131m Instructor Richard Wallace Instructor Funda Bilgen Instructor Melike Ay\u015fe T\u00fcrkmeno\u011flu Instructor Ashley Villante Cox [\/vc_column_text][\/vc_column][\/vc_row]<\/p>\n","protected":false},"author":1,"featured_media":0,"parent":1462,"menu_order":0,"comment_status":"closed","ping_status":"closed","template":"","meta":{"_links_to":"","_links_to_target":""},"_links":{"self":[{"href":"http:\/\/prep.bilkent.edu.tr\/en\/wp-json\/wp\/v2\/pages\/1484"}],"collection":[{"href":"http:\/\/prep.bilkent.edu.tr\/en\/wp-json\/wp\/v2\/pages"}],"about":[{"href":"http:\/\/prep.bilkent.edu.tr\/en\/wp-json\/wp\/v2\/types\/page"}],"author":[{"embeddable":true,"href":"http:\/\/prep.bilkent.edu.tr\/en\/wp-json\/wp\/v2\/users\/1"}],"replies":[{"embeddable":true,"href":"http:\/\/prep.bilkent.edu.tr\/en\/wp-json\/wp\/v2\/comments?post=1484"}],"version-history":[{"count":11,"href":"http:\/\/prep.bilkent.edu.tr\/en\/wp-json\/wp\/v2\/pages\/1484\/revisions"}],"predecessor-version":[{"id":3257,"href":"http:\/\/prep.bilkent.edu.tr\/en\/wp-json\/wp\/v2\/pages\/1484\/revisions\/3257"}],"up":[{"embeddable":true,"href":"http:\/\/prep.bilkent.edu.tr\/en\/wp-json\/wp\/v2\/pages\/1462"}],"wp:attachment":[{"href":"http:\/\/prep.bilkent.edu.tr\/en\/wp-json\/wp\/v2\/media?parent=1484"}],"curies":[{"name":"wp","href":"https:\/\/api.w.org\/{rel}","templated":true}]}}