{"id":1487,"date":"2019-09-04T08:59:25","date_gmt":"2019-09-04T08:59:25","guid":{"rendered":"http:\/\/prep.bilkent.edu.tr\/en\/?page_id=1487"},"modified":"2023-09-25T12:14:52","modified_gmt":"2023-09-25T12:14:52","slug":"teaching-unit-7","status":"publish","type":"page","link":"http:\/\/prep.bilkent.edu.tr\/en\/teaching-units\/teaching-unit-7\/","title":{"rendered":"Teaching Unit 7"},"content":{"rendered":"<p>[vc_row][vc_column 0=&#8221;&#8221;][vc_column_text]<\/p>\n<table style=\"width: 44.4703%;\">\n<tbody>\n<tr>\n<td style=\"width: 43.1034%;\" width=\"170\"><strong>Head of Teaching Unit 7<\/strong><strong>\u00a0<\/strong><\/p>\n<p>Place: N building, C 214<\/td>\n<td style=\"width: 60.0985%;\" width=\"217\"><strong><a title=\"\u00dcmran Board\" href=\"http:\/\/catalog.bilkent.edu.tr\/current\/instructor\/i05668.html\" rel=\"noopener noreferrer\">\u00dcmran Board<\/a><\/strong><\/p>\n<p>&nbsp;<\/td>\n<\/tr>\n<tr>\n<td style=\"width: 43.1034%;\" width=\"170\">Instructor<\/td>\n<td style=\"width: 60.0985%;\" width=\"217\"><a href=\"https:\/\/catalog.bilkent.edu.tr\/instructor\/i04340.html\" target=\"_blank\" rel=\"noopener noreferrer\">Ye\u015fim Yelo\u011flu<\/a><\/td>\n<\/tr>\n<tr>\n<td style=\"width: 43.1034%;\" width=\"170\">Instructor<\/td>\n<td style=\"width: 60.0985%;\" width=\"217\"><a href=\"https:\/\/catalog.bilkent.edu.tr\/instructor\/i06039.html\" target=\"_blank\" rel=\"noopener noreferrer\">Se\u00e7il Canbaz Chouseinoglu<\/a><\/td>\n<\/tr>\n<tr>\n<td style=\"width: 43.1034%;\" width=\"170\">Instructor<\/td>\n<td style=\"width: 60.0985%;\" width=\"217\"><a href=\"https:\/\/catalog.bilkent.edu.tr\/instructor\/i06450.html\" target=\"_blank\" rel=\"noopener noreferrer\">\u0130lknur Hal\u0131c\u0131 Y\u0131lmaz<\/a><\/td>\n<\/tr>\n<tr>\n<td style=\"width: 43.1034%;\" width=\"170\">Instructor<\/td>\n<td style=\"width: 60.0985%;\" width=\"217\"><a href=\"https:\/\/catalog.bilkent.edu.tr\/instructor\/i07339.html\" target=\"_blank\" rel=\"noopener noreferrer\">Bilge l\u015f\u0131l Yaz\u0131c\u0131<\/a><\/td>\n<\/tr>\n<tr>\n<td style=\"width: 43.1034%;\" width=\"170\">Instructor<\/td>\n<td style=\"width: 60.0985%;\" width=\"217\"><a href=\"https:\/\/catalog.bilkent.edu.tr\/instructor\/i08812.html\" target=\"_blank\" rel=\"noopener noreferrer\">Duygu Y\u0131lmaz<\/a><\/td>\n<\/tr>\n<tr>\n<td style=\"width: 43.1034%;\" width=\"170\">Instructor<\/td>\n<td style=\"width: 60.0985%;\" width=\"217\"><a href=\"https:\/\/catalog.bilkent.edu.tr\/instructor\/i12476.html\" target=\"_blank\" rel=\"noopener noreferrer\">Anthony James Scott<\/a><\/td>\n<\/tr>\n<tr>\n<td style=\"width: 43.1034%;\" width=\"170\">Instructor<\/td>\n<td style=\"width: 60.0985%;\" width=\"217\"><a href=\"https:\/\/catalog.bilkent.edu.tr\/instructor\/i10819.html\" target=\"_blank\" rel=\"noopener noreferrer\">Ay\u015feg\u00fcl Utku<\/a><\/td>\n<\/tr>\n<tr>\n<td style=\"width: 43.1034%;\" width=\"170\">Instructor<\/td>\n<td style=\"width: 60.0985%;\" width=\"217\"><a href=\"https:\/\/catalog.bilkent.edu.tr\/instructor\/i13283.html\" target=\"_blank\" rel=\"noopener noreferrer\">Lindsey Josephina Bishop-Allen<\/a><\/td>\n<\/tr>\n<tr>\n<td style=\"width: 43.1034%;\" width=\"170\">Instructor<\/td>\n<td style=\"width: 60.0985%;\" width=\"217\"><a href=\"https:\/\/catalog.bilkent.edu.tr\/instructor\/i08175.html\" target=\"_blank\" rel=\"noopener noreferrer\">Halime Kural<\/a><\/td>\n<\/tr>\n<tr>\n<td style=\"width: 43.1034%;\" width=\"170\">Instructor<\/td>\n<td style=\"width: 60.0985%;\" width=\"217\"><a href=\"https:\/\/catalog.bilkent.edu.tr\/instructor\/i12961.html\" target=\"_blank\" rel=\"noopener noreferrer\">Elizabeth Anne Withers<\/a><\/td>\n<\/tr>\n<tr>\n<td style=\"width: 43.1034%;\" width=\"170\">Instructor<\/td>\n<td style=\"width: 60.0985%;\" width=\"217\"><a href=\"https:\/\/catalog.bilkent.edu.tr\/instructor\/i13281.html\">Teresa Lynn Campbell<\/a><\/td>\n<\/tr>\n<\/tbody>\n<\/table>\n<table style=\"border-collapse: collapse; width: 0%; height: 27px;\">\n<tbody>\n<tr style=\"height: 27px;\">\n<td style=\"width: 58.8131%; height: 27px;\">&nbsp;<\/p>\n<p>&nbsp;<\/td>\n<td style=\"width: 157.143%; height: 27px;\"><\/td>\n<\/tr>\n<\/tbody>\n<\/table>\n<p>[\/vc_column_text][\/vc_column][\/vc_row]<\/p>\n","protected":false},"excerpt":{"rendered":"<p>[vc_row][vc_column 0=&#8221;&#8221;][vc_column_text] Head of Teaching Unit 7\u00a0 Place: N building, C 214 \u00dcmran Board &nbsp; Instructor Ye\u015fim Yelo\u011flu Instructor Se\u00e7il Canbaz Chouseinoglu Instructor \u0130lknur Hal\u0131c\u0131 Y\u0131lmaz Instructor Bilge l\u015f\u0131l Yaz\u0131c\u0131 Instructor Duygu Y\u0131lmaz Instructor Anthony James Scott Instructor Ay\u015feg\u00fcl Utku Instructor Lindsey Josephina Bishop-Allen Instructor Halime Kural Instructor Elizabeth Anne Withers Instructor Teresa Lynn Campbell &hellip; <a href=\"http:\/\/prep.bilkent.edu.tr\/en\/teaching-units\/teaching-unit-7\/\">Continue reading <span class=\"meta-nav\">&rarr;<\/span><\/a><\/p>\n","protected":false},"author":1,"featured_media":0,"parent":1462,"menu_order":0,"comment_status":"closed","ping_status":"closed","template":"","meta":{"_links_to":"","_links_to_target":""},"_links":{"self":[{"href":"http:\/\/prep.bilkent.edu.tr\/en\/wp-json\/wp\/v2\/pages\/1487"}],"collection":[{"href":"http:\/\/prep.bilkent.edu.tr\/en\/wp-json\/wp\/v2\/pages"}],"about":[{"href":"http:\/\/prep.bilkent.edu.tr\/en\/wp-json\/wp\/v2\/types\/page"}],"author":[{"embeddable":true,"href":"http:\/\/prep.bilkent.edu.tr\/en\/wp-json\/wp\/v2\/users\/1"}],"replies":[{"embeddable":true,"href":"http:\/\/prep.bilkent.edu.tr\/en\/wp-json\/wp\/v2\/comments?post=1487"}],"version-history":[{"count":7,"href":"http:\/\/prep.bilkent.edu.tr\/en\/wp-json\/wp\/v2\/pages\/1487\/revisions"}],"predecessor-version":[{"id":2737,"href":"http:\/\/prep.bilkent.edu.tr\/en\/wp-json\/wp\/v2\/pages\/1487\/revisions\/2737"}],"up":[{"embeddable":true,"href":"http:\/\/prep.bilkent.edu.tr\/en\/wp-json\/wp\/v2\/pages\/1462"}],"wp:attachment":[{"href":"http:\/\/prep.bilkent.edu.tr\/en\/wp-json\/wp\/v2\/media?parent=1487"}],"curies":[{"name":"wp","href":"https:\/\/api.w.org\/{rel}","templated":true}]}}