{"id":1489,"date":"2019-09-04T09:00:13","date_gmt":"2019-09-04T09:00:13","guid":{"rendered":"http:\/\/prep.bilkent.edu.tr\/en\/?page_id=1489"},"modified":"2025-09-18T09:02:42","modified_gmt":"2025-09-18T09:02:42","slug":"teaching-unit-8","status":"publish","type":"page","link":"http:\/\/prep.bilkent.edu.tr\/en\/teaching-units\/teaching-unit-8\/","title":{"rendered":"Teaching Unit 8"},"content":{"rendered":"<p>[vc_row][vc_column 0=&#8221;&#8221;][vc_column_text]&nbsp;<\/p>\n<table style=\"width: 42.99%; height: 507px;\">\n<tbody>\n<tr style=\"height: 156px;\">\n<td style=\"height: 156px; width: 46.472%;\" width=\"170\"><strong>Head of Teaching Unit 8<\/strong><strong>\u00a0<\/strong><\/p>\n<p>Place: D Building, DZ-23<\/td>\n<td style=\"height: 156px; width: 51.3382%;\" width=\"217\"><a href=\"https:\/\/catalog.bilkent.edu.tr\/instructor\/i08568.html\">\u015eule \u015eenel<\/a><\/p>\n<p>&nbsp;<\/td>\n<\/tr>\n<tr style=\"height: 27px;\">\n<td style=\"height: 27px; width: 46.472%;\" width=\"170\">Instructor<\/td>\n<td style=\"height: 27px; width: 51.3382%;\" width=\"217\"><a href=\"https:\/\/catalog.bilkent.edu.tr\/instructor\/i06710.html\" target=\"_blank\" rel=\"noopener noreferrer\">Elif Kaya<\/a><\/td>\n<\/tr>\n<tr style=\"height: 27px;\">\n<td style=\"height: 27px; width: 46.472%;\" width=\"170\">Instructor<\/td>\n<td style=\"height: 27px; width: 51.3382%;\" width=\"217\"><a href=\"https:\/\/catalog.bilkent.edu.tr\/instructor\/i06711.html\" target=\"_blank\" rel=\"noopener noreferrer\">Sevil Kultufan K\u0131l\u0131\u00e7<\/a><\/td>\n<\/tr>\n<tr style=\"height: 27px;\">\n<td style=\"height: 27px; width: 46.472%;\" width=\"170\">Instructor<\/td>\n<td style=\"height: 27px; width: 51.3382%;\" width=\"217\"><a href=\"https:\/\/catalog.bilkent.edu.tr\/instructor\/i07105.html\" target=\"_blank\" rel=\"noopener noreferrer\">H\u00fclya Kurug\u00f6ll\u00fc<\/a><\/td>\n<\/tr>\n<tr style=\"height: 27px;\">\n<td style=\"height: 27px; width: 46.472%;\" width=\"170\">Instructor<\/td>\n<td style=\"height: 27px; width: 51.3382%;\" width=\"217\"><a href=\"https:\/\/catalog.bilkent.edu.tr\/instructor\/i08169.html\" target=\"_blank\" rel=\"noopener noreferrer\">Zeliha Y\u0131lmaz<\/a><\/td>\n<\/tr>\n<tr style=\"height: 27px;\">\n<td style=\"height: 27px; width: 46.472%;\" width=\"170\">Instructor<\/td>\n<td style=\"height: 27px; width: 51.3382%;\" width=\"217\"><a href=\"https:\/\/catalog.bilkent.edu.tr\/instructor\/i08162.html\" target=\"_blank\" rel=\"noopener noreferrer\">Sibel Meryem Dilsiz<\/a><\/td>\n<\/tr>\n<tr style=\"height: 27px;\">\n<td style=\"height: 27px; width: 46.472%;\" width=\"170\">Instructor<\/td>\n<td style=\"height: 27px; width: 51.3382%;\" width=\"217\"><a href=\"https:\/\/catalog.bilkent.edu.tr\/instructor\/i10827.html\" target=\"_blank\" rel=\"noopener noreferrer\">Meltem Deniz Moran<\/a><\/td>\n<\/tr>\n<tr style=\"height: 27px;\">\n<td style=\"height: 27px; width: 46.472%;\" width=\"170\">Instructor<\/td>\n<td style=\"height: 27px; width: 51.3382%;\" width=\"217\"><a href=\"https:\/\/catalog.bilkent.edu.tr\/instructor\/i10605.html\" target=\"_blank\" rel=\"noopener noreferrer\">Patrick Himmelspach<\/a><\/td>\n<\/tr>\n<tr style=\"height: 27px;\">\n<td style=\"height: 27px; width: 46.472%;\" width=\"170\">Instructor<\/td>\n<td style=\"height: 27px; width: 51.3382%;\" width=\"217\"><a href=\"https:\/\/catalog.bilkent.edu.tr\/instructor\/i12194.html\" target=\"_blank\" rel=\"noopener noreferrer\">Katelyn Thomas<\/a><\/td>\n<\/tr>\n<tr style=\"height: 27px;\">\n<td style=\"height: 27px; width: 46.472%;\" width=\"170\">Instructor<\/td>\n<td style=\"height: 27px; width: 51.3382%;\" width=\"217\"><a href=\"https:\/\/catalog.bilkent.edu.tr\/instructor\/i08807.html\" target=\"_blank\" rel=\"noopener noreferrer\">Neslihan Erbil<\/a><\/td>\n<\/tr>\n<tr style=\"height: 27px;\">\n<td style=\"height: 27px; width: 46.472%;\" width=\"170\">Instructor<\/td>\n<td style=\"height: 27px; width: 51.3382%;\" width=\"217\"><a href=\"https:\/\/catalog.bilkent.edu.tr\/instructor\/i13282.html\" target=\"_blank\" rel=\"noopener noreferrer\">Matthew Bryce Allen<\/a><\/td>\n<\/tr>\n<tr style=\"height: 27px;\">\n<td style=\"height: 27px; width: 46.472%;\" width=\"170\">Instructor<\/td>\n<td style=\"height: 27px; width: 51.3382%;\" width=\"217\"><a href=\"https:\/\/catalog.bilkent.edu.tr\/instructor\/i13331.html\">Ecem Merve Pamuk<\/a><\/td>\n<\/tr>\n<tr style=\"height: 27px;\">\n<td style=\"height: 27px; width: 46.472%;\"><\/td>\n<td style=\"height: 27px; width: 51.3382%;\"><\/td>\n<\/tr>\n<tr style=\"height: 27px;\">\n<td style=\"height: 27px; width: 46.472%;\"><\/td>\n<td style=\"height: 27px; width: 51.3382%;\"><\/td>\n<\/tr>\n<\/tbody>\n<\/table>\n<p>[\/vc_column_text][\/vc_column][\/vc_row]<\/p>\n","protected":false},"excerpt":{"rendered":"<p>[vc_row][vc_column 0=&#8221;&#8221;][vc_column_text]&nbsp; Head of Teaching Unit 8\u00a0 Place: D Building, DZ-23 \u015eule \u015eenel &nbsp; Instructor Elif Kaya Instructor Sevil Kultufan K\u0131l\u0131\u00e7 Instructor H\u00fclya Kurug\u00f6ll\u00fc Instructor Zeliha Y\u0131lmaz Instructor Sibel Meryem Dilsiz Instructor Meltem Deniz Moran Instructor Patrick Himmelspach Instructor Katelyn Thomas Instructor Neslihan Erbil Instructor Matthew Bryce Allen Instructor Ecem Merve Pamuk [\/vc_column_text][\/vc_column][\/vc_row]<\/p>\n","protected":false},"author":1,"featured_media":0,"parent":1462,"menu_order":0,"comment_status":"closed","ping_status":"closed","template":"","meta":{"_links_to":"","_links_to_target":""},"_links":{"self":[{"href":"http:\/\/prep.bilkent.edu.tr\/en\/wp-json\/wp\/v2\/pages\/1489"}],"collection":[{"href":"http:\/\/prep.bilkent.edu.tr\/en\/wp-json\/wp\/v2\/pages"}],"about":[{"href":"http:\/\/prep.bilkent.edu.tr\/en\/wp-json\/wp\/v2\/types\/page"}],"author":[{"embeddable":true,"href":"http:\/\/prep.bilkent.edu.tr\/en\/wp-json\/wp\/v2\/users\/1"}],"replies":[{"embeddable":true,"href":"http:\/\/prep.bilkent.edu.tr\/en\/wp-json\/wp\/v2\/comments?post=1489"}],"version-history":[{"count":8,"href":"http:\/\/prep.bilkent.edu.tr\/en\/wp-json\/wp\/v2\/pages\/1489\/revisions"}],"predecessor-version":[{"id":3263,"href":"http:\/\/prep.bilkent.edu.tr\/en\/wp-json\/wp\/v2\/pages\/1489\/revisions\/3263"}],"up":[{"embeddable":true,"href":"http:\/\/prep.bilkent.edu.tr\/en\/wp-json\/wp\/v2\/pages\/1462"}],"wp:attachment":[{"href":"http:\/\/prep.bilkent.edu.tr\/en\/wp-json\/wp\/v2\/media?parent=1489"}],"curies":[{"name":"wp","href":"https:\/\/api.w.org\/{rel}","templated":true}]}}