{"id":1504,"date":"2019-09-04T09:07:34","date_gmt":"2019-09-04T09:07:34","guid":{"rendered":"http:\/\/prep.bilkent.edu.tr\/en\/?page_id=1504"},"modified":"2025-09-18T09:12:16","modified_gmt":"2025-09-18T09:12:16","slug":"testing-unit","status":"publish","type":"page","link":"http:\/\/prep.bilkent.edu.tr\/en\/testing-unit\/","title":{"rendered":"Testing Unit"},"content":{"rendered":"<p>[vc_row 0=&#8221;&#8221;][vc_column][vc_column_text 0=&#8221;&#8221;]<\/p>\n<div class=\"entry-content clearfix\">\n<p>The Testing Unit is responsible for the development of all high-stakes standardised tests. These include:<\/p>\n<ul>\n<li><strong>Cumulative Achievement Tests (CATs)<br \/>\n<\/strong>These are language and\/or skills based tests, which are designed to encourage revision of course objectives in order to assess student progress and diagnose strengths and weaknesses.<\/li>\n<li><strong>End of Course Assessment (ECA)<br \/>\n<\/strong>These are level specific achievement tests which are administered at the end of a course and reflect the benchmark students must attain in order to pass from one level to the next.<strong><br \/>\n<\/strong><\/li>\n<li><strong>Proficiency in Academic English (PAE)<br \/>\nStage 1<br \/>\n<\/strong>This is a placement test, which is administered to all students when they enter the university. Depending on their score, students are either placed into the Preparatory Program or are eligible to sit\u00a0PAE Stage 2.<br \/>\n<strong>Stage 2<br \/>\n<\/strong>This is a proficiency exam, which assesses reading, writing, speaking, listening and language. It is administered 3 times a year and students who pass the exam can start their degree programs in the faculties.<strong><br \/>\n<\/strong><\/li>\n<\/ul>\n<p>In addition to exam preparation, evaluation, standardisation and training in all areas of assessment, the Testing Unit is involved in projects including benchmarking exams to the Common European Framework and supporting the development of formative assessment in the Preparatory Program.<\/p>\n<p><strong>Who is who?<\/strong><\/p>\n<p><strong>Head of Testing<br \/>\n<\/strong><\/p>\n<p><a href=\"http:\/\/catalog.bilkent.edu.tr\/current\/instructor\/i03595.html\">\u00d6zlem Ovayurt<\/a><\/p>\n<p><strong>Level Assessment Developers<br \/>\n<\/strong><a title=\"Gamze Guner\" href=\"http:\/\/catalog.bilkent.edu.tr\/current\/instructor\/i07103.html\" rel=\"noopener noreferrer\">Gamze Guner<\/a><br \/>\n<a href=\"https:\/\/www.bilkent.edu.tr\/phonedir\/p\/p12468.htm\"><span style=\"font-size: 12pt;\">Annelie Yvonne Johnson<\/span><\/a><br \/>\n<a title=\"Ozlem Ovayurt\" href=\"http:\/\/catalog.bilkent.edu.tr\/current\/instructor\/i09258.html\" rel=\"noopener noreferrer\">\u00d6zg\u00fcr Ta\u015fkesen<\/a><br \/>\n<a title=\"Efser Civelekoglu\" href=\"http:\/\/catalog.bilkent.edu.tr\/current\/instructor\/i06045.html\" rel=\"noopener noreferrer\">Efser Civelekoglu<\/a><\/p>\n<p><strong>Item Writers<br \/>\n<\/strong><a title=\"\u00d6zlem Mert Akkaya\" href=\"http:\/\/catalog.bilkent.edu.tr\/current\/instructor\/i07813.html\" rel=\"noopener noreferrer\">\u00d6zlem Mert Akkaya<\/a><br \/>\n<a title=\"Clare McCann\" href=\"http:\/\/catalog.bilkent.edu.tr\/current\/instructor\/i03356.html\" rel=\"noopener noreferrer\">Clare Yalc\u0131n<\/a><br \/>\n<a title=\"Ozgur Taskesen\" href=\"https:\/\/catalog.bilkent.edu.tr\/instructor\/i10824.html\" rel=\"noopener noreferrer\">Fidan Bahar Alta\u015f<\/a><br \/>\n<a href=\"https:\/\/catalog.bilkent.edu.tr\/instructor\/i08169.html\">Zeliha Y\u0131lmaz<\/a><br \/>\n<a title=\"Travis Brent Dingler\" href=\"https:\/\/catalog.bilkent.edu.tr\/current\/instructor\/i10430.html\" rel=\"noopener\">Travis Brent Dingler<\/a><br \/>\n<a href=\"https:\/\/www.bilkent.edu.tr\/phonedir\/p\/p12204.htm\"><span style=\"font-size: 12pt;\">Cameron Justin Lee T Beale<\/span><\/a><\/p>\n<\/div>\n<p>[\/vc_column_text][\/vc_column][\/vc_row]<\/p>\n","protected":false},"excerpt":{"rendered":"<p>[vc_row 0=&#8221;&#8221;][vc_column][vc_column_text 0=&#8221;&#8221;] The Testing Unit is responsible for the development of all high-stakes standardised tests. These include: Cumulative Achievement Tests (CATs) These are language and\/or skills based tests, which are designed to encourage revision of course objectives in order to assess student progress and diagnose strengths and weaknesses. End of Course Assessment (ECA) These &hellip; <a href=\"http:\/\/prep.bilkent.edu.tr\/en\/testing-unit\/\">Continue reading <span class=\"meta-nav\">&rarr;<\/span><\/a><\/p>\n","protected":false},"author":1,"featured_media":0,"parent":0,"menu_order":0,"comment_status":"closed","ping_status":"closed","template":"","meta":{"_links_to":"","_links_to_target":""},"_links":{"self":[{"href":"http:\/\/prep.bilkent.edu.tr\/en\/wp-json\/wp\/v2\/pages\/1504"}],"collection":[{"href":"http:\/\/prep.bilkent.edu.tr\/en\/wp-json\/wp\/v2\/pages"}],"about":[{"href":"http:\/\/prep.bilkent.edu.tr\/en\/wp-json\/wp\/v2\/types\/page"}],"author":[{"embeddable":true,"href":"http:\/\/prep.bilkent.edu.tr\/en\/wp-json\/wp\/v2\/users\/1"}],"replies":[{"embeddable":true,"href":"http:\/\/prep.bilkent.edu.tr\/en\/wp-json\/wp\/v2\/comments?post=1504"}],"version-history":[{"count":12,"href":"http:\/\/prep.bilkent.edu.tr\/en\/wp-json\/wp\/v2\/pages\/1504\/revisions"}],"predecessor-version":[{"id":3268,"href":"http:\/\/prep.bilkent.edu.tr\/en\/wp-json\/wp\/v2\/pages\/1504\/revisions\/3268"}],"wp:attachment":[{"href":"http:\/\/prep.bilkent.edu.tr\/en\/wp-json\/wp\/v2\/media?parent=1504"}],"curies":[{"name":"wp","href":"https:\/\/api.w.org\/{rel}","templated":true}]}}