{"id":1619,"date":"2019-09-13T08:30:06","date_gmt":"2019-09-13T08:30:06","guid":{"rendered":"http:\/\/prep.bilkent.edu.tr\/en\/?page_id=1619"},"modified":"2025-09-18T09:04:44","modified_gmt":"2025-09-18T09:04:44","slug":"program-structure","status":"publish","type":"page","link":"http:\/\/prep.bilkent.edu.tr\/en\/program-structure\/","title":{"rendered":"Program Structure"},"content":{"rendered":"<p>[vc_row][vc_column 0=&#8221;&#8221;][vc_column_text]<\/p>\n<table style=\"width: 94.9258%;\">\n<tbody>\n<tr>\n<td style=\"width: 68.5338%;\" width=\"249\"><a title=\"Contact\" href=\"http:\/\/www.bilkent.edu.tr\/phonedir\/p\/p3911.htm\" rel=\"noopener noreferrer\"><strong>Preparatory (PREP) Program Director:<\/strong><\/a><\/td>\n<td style=\"width: 76.0438%;\" width=\"177\"><a title=\"Dr. Elif Kantarc\u0131o\u011flu\" href=\"http:\/\/catalog.bilkent.edu.tr\/current\/instructor\/i03911.html\" rel=\"noopener noreferrer\">Dr. Elif Kantarc\u0131o\u011flu<\/a><\/td>\n<\/tr>\n<tr>\n<td style=\"width: 68.5338%;\" width=\"249\"><strong><a href=\"http:\/\/www.bilkent.edu.tr\/phonedir\/p\/p4751.htm\" target=\"_blank\" rel=\"noopener noreferrer\">Prep Program Head of Professional Development<\/a>:<\/strong><\/td>\n<td style=\"width: 76.0438%;\" width=\"177\"><a href=\"https:\/\/catalog.bilkent.edu.tr\/instructor\/i04751.html\" target=\"_blank\" rel=\"noopener noreferrer\">Dr. Hande I\u015f\u0131l I\u015f\u0131k Scott<\/a><\/td>\n<\/tr>\n<tr>\n<td style=\"width: 68.5338%;\" width=\"249\"><strong>PREP Program Head of Teaching:<\/strong><\/td>\n<td style=\"width: 76.0438%;\" width=\"177\"><a href=\"https:\/\/www.bilkent.edu.tr\/phonedir\/p\/p7820.htm\">Fatma G\u00f6k\u00e7en \u00c7olak M.A.<\/a><\/td>\n<\/tr>\n<tr>\n<td style=\"width: 68.5338%;\" width=\"249\"><strong>PREP Program Head of Testing:<\/strong><\/td>\n<td style=\"width: 76.0438%;\" width=\"177\"><a href=\"https:\/\/catalog.bilkent.edu.tr\/instructor\/i03595.html\">\u00d6zlem Ovayurt M.A\u00a0<\/a><\/td>\n<\/tr>\n<\/tbody>\n<\/table>\n<table style=\"width: 90.876%;\">\n<tbody>\n<tr>\n<td style=\"width: 157.773%;\" colspan=\"2\"><strong>PREP Program Teaching Units<\/strong><\/td>\n<\/tr>\n<tr>\n<td style=\"width: 72.0821%;\">Head of Teaching Unit 1:<\/td>\n<td style=\"width: 85.6908%;\"><a title=\"Asl\u0131 Sa\u011f, M.A.\" href=\"http:\/\/catalog.bilkent.edu.tr\/current\/instructor\/i06048.html\" rel=\"noopener noreferrer\">Asl\u0131 Sa\u011f M.A.<\/a><\/td>\n<\/tr>\n<tr>\n<td style=\"width: 72.0821%;\">Head of Teaching Unit 2:<\/td>\n<td style=\"width: 85.6908%;\"><a title=\"Nazan Akt\u00fcrk, M.A.\" href=\"http:\/\/catalog.bilkent.edu.tr\/current\/instructor\/i06051.html\" rel=\"noopener noreferrer\">Nazan Akt\u00fcrk M.A.<\/a><\/td>\n<\/tr>\n<tr>\n<td style=\"width: 72.0821%;\">Head of Teaching Unit 3:<\/td>\n<td style=\"width: 85.6908%;\"><a title=\"Zeynep Kire\u00e7ci, M.A.\" href=\"http:\/\/catalog.bilkent.edu.tr\/current\/instructor\/i07825.html\" rel=\"noopener noreferrer\">Zeynep Sa\u00e7an M.A.<\/a><\/td>\n<\/tr>\n<tr>\n<td style=\"width: 72.0821%;\">Head of Teaching Unit 4:<\/td>\n<td style=\"width: 85.6908%;\"><a href=\"https:\/\/catalog.bilkent.edu.tr\/instructor\/i08176.html\" target=\"_blank\" rel=\"noopener noreferrer\">Emine Zafer Nizam M.A.<\/a><\/td>\n<\/tr>\n<tr>\n<td style=\"width: 72.0821%;\">Head of Teaching Unit 5:<\/td>\n<td style=\"width: 85.6908%;\"><a href=\"https:\/\/catalog.bilkent.edu.tr\/instructor\/i10825.html\">\u0130lknur Hal\u0131c\u0131 Y\u0131lmaz M.A<\/a><\/td>\n<\/tr>\n<tr>\n<td style=\"width: 72.0821%;\">Head of Teaching Unit 6:<\/td>\n<td style=\"width: 85.6908%;\"><a href=\"https:\/\/catalog.bilkent.edu.tr\/instructor\/i10825.html\">G\u00f6rkem Ayd\u0131n<\/a><\/td>\n<\/tr>\n<tr>\n<td style=\"width: 72.0821%;\">Head of Teaching Unit 7:<\/td>\n<td style=\"width: 85.6908%;\"><a title=\"\u00dcmran Board, M.A.\" href=\"http:\/\/catalog.bilkent.edu.tr\/current\/instructor\/i05668.html\" rel=\"noopener noreferrer\">\u00dcmran Board, M.A.<\/a><\/td>\n<\/tr>\n<tr>\n<td style=\"width: 72.0821%;\">Head of Teaching Unit 8:<\/td>\n<td style=\"width: 85.6908%;\"><a href=\"https:\/\/catalog.bilkent.edu.tr\/instructor\/i08568.html\">\u015eule \u015eenel M.A<\/a><\/td>\n<\/tr>\n<tr>\n<td style=\"width: 72.0821%;\"><\/td>\n<td style=\"width: 85.6908%;\"><\/td>\n<\/tr>\n<tr>\n<td style=\"width: 72.0821%;\"><\/td>\n<td style=\"width: 85.6908%;\"><\/td>\n<\/tr>\n<\/tbody>\n<\/table>\n<table style=\"width: 120.005%; height: 173px;\">\n<tbody>\n<tr style=\"height: 27px;\">\n<td style=\"width: 157.145%; height: 27px;\" colspan=\"2\" width=\"426\"><strong>PREP Program Testing Unit<\/strong><\/td>\n<\/tr>\n<tr style=\"height: 27px;\">\n<td style=\"width: 54.4886%; height: 27px;\" width=\"249\">Level Assessment Developer:<\/td>\n<td style=\"width: 102.657%; height: 27px;\" width=\"177\"><a title=\"Efser C. Yal\u00e7\u0131n, M.A.\" href=\"http:\/\/catalog.bilkent.edu.tr\/current\/instructor\/i06045.html\" rel=\"noopener noreferrer\">Efser C. Yal\u00e7\u0131n M.A.<\/a><\/td>\n<\/tr>\n<tr style=\"height: 27px;\">\n<td style=\"width: 54.4886%; height: 27px;\" width=\"249\">Level Assessment Developer:<\/td>\n<td style=\"width: 102.657%; height: 27px;\" width=\"177\"><a href=\"https:\/\/catalog.bilkent.edu.tr\/instructor\/i12468.html\">Annelie Yvonne Johnson<\/a><\/td>\n<\/tr>\n<tr style=\"height: 27px;\">\n<td style=\"width: 54.4886%; height: 27px;\" width=\"249\">Level Assessment Developer:<\/td>\n<td style=\"width: 102.657%; height: 27px;\" width=\"177\"><a href=\"https:\/\/catalog.bilkent.edu.tr\/instructor\/i09258.html\">\u00d6zg\u00fcr Ta\u015fkesen M.A<\/a><\/td>\n<\/tr>\n<tr style=\"height: 27px;\">\n<td style=\"width: 54.4886%; height: 27px;\" width=\"249\">Level Assessment Developer:<\/td>\n<td style=\"width: 102.657%; height: 27px;\" width=\"177\"><a title=\"Gamze G\u00fcner, M.A.\" href=\"http:\/\/catalog.bilkent.edu.tr\/current\/instructor\/i07103.html\" rel=\"noopener noreferrer\">Gamze G\u00fcner M.A.<\/a><\/td>\n<\/tr>\n<tr style=\"height: 27px;\">\n<td style=\"width: 54.4886%; height: 27px;\" width=\"249\"><\/td>\n<td style=\"width: 102.657%; height: 27px;\" width=\"177\"><\/td>\n<\/tr>\n<tr style=\"height: 11px;\">\n<td style=\"width: 54.4886%; height: 11px;\"><\/td>\n<td style=\"width: 102.657%; height: 11px;\"><\/td>\n<\/tr>\n<\/tbody>\n<\/table>\n<table style=\"width: 116.335%;\">\n<tbody>\n<tr>\n<td style=\"width: 153.708%;\" colspan=\"2\" width=\"426\"><strong>PREP Program Teacher Training Unit<\/strong><\/td>\n<\/tr>\n<tr>\n<td style=\"width: 55.92%;\" width=\"249\">Trainer-DELTA:<\/td>\n<td style=\"width: 97.7879%;\" width=\"177\"><a title=\"Dr. Elif \u015een\" href=\"http:\/\/catalog.bilkent.edu.tr\/current\/instructor\/i01386.html\" rel=\"noopener noreferrer\">Dr. Elif \u015een<\/a><\/td>\n<\/tr>\n<tr>\n<td style=\"width: 55.92%;\" width=\"249\">Trainer-DELTA:<\/td>\n<td style=\"width: 97.7879%;\" width=\"177\"><a title=\"Mutlu I\u015f\u0131l Ergun, M.A\" href=\"http:\/\/catalog.bilkent.edu.tr\/current\/instructor\/i04975.html\" rel=\"noopener noreferrer\">Mutlu I\u015f\u0131l Ergun M.A<\/a><\/td>\n<\/tr>\n<tr>\n<td style=\"width: 55.92%;\" width=\"249\"><\/td>\n<td style=\"width: 97.7879%;\" width=\"177\"><\/td>\n<\/tr>\n<\/tbody>\n<\/table>\n<table style=\"width: 92.8733%; height: 189px;\">\n<tbody>\n<tr style=\"height: 27px;\">\n<td style=\"width: 141.84%; height: 27px;\" colspan=\"2\"><strong>Administrative Staff<\/strong><\/td>\n<\/tr>\n<tr style=\"height: 27px;\">\n<td style=\"width: 69.977%; height: 27px;\">Supervisors:<\/td>\n<td style=\"width: 71.8634%; height: 27px;\">Ba\u015fak Akda\u015f<\/td>\n<\/tr>\n<tr style=\"height: 27px;\">\n<td style=\"width: 69.977%; height: 27px;\">Administrative Assisstants:<\/td>\n<td style=\"width: 71.8634%; height: 27px;\">Berrin Akak\u00e7a Meral<\/td>\n<\/tr>\n<tr style=\"height: 27px;\">\n<td style=\"width: 69.977%; height: 27px;\">Administrative Assisstants:<\/td>\n<td style=\"width: 71.8634%; height: 27px;\">\u0130rem F\u0131rat<\/td>\n<\/tr>\n<tr style=\"height: 27px;\">\n<td style=\"width: 69.977%; height: 27px;\">Administrative Assisstants:<\/td>\n<td style=\"width: 71.8634%; height: 27px;\">Merve \u00d6cal<\/td>\n<\/tr>\n<tr style=\"height: 27px;\">\n<td style=\"width: 69.977%; height: 27px;\">Administrative Assisstants:<\/td>\n<td style=\"width: 71.8634%; height: 27px;\">Zeynep \u00d6zge Kocatepe<\/td>\n<\/tr>\n<tr style=\"height: 27px;\">\n<td style=\"width: 69.977%; height: 27px;\">Administrative Assisstants:<\/td>\n<td style=\"width: 71.8634%; height: 27px;\">Ceren B\u00f6ler<\/td>\n<\/tr>\n<\/tbody>\n<\/table>\n<p>[\/vc_column_text][\/vc_column][\/vc_row]<\/p>\n","protected":false},"excerpt":{"rendered":"<p>[vc_row][vc_column 0=&#8221;&#8221;][vc_column_text] Preparatory (PREP) Program Director: Dr. Elif Kantarc\u0131o\u011flu Prep Program Head of Professional Development: Dr. Hande I\u015f\u0131l I\u015f\u0131k Scott PREP Program Head of Teaching: Fatma G\u00f6k\u00e7en \u00c7olak M.A. PREP Program Head of Testing: \u00d6zlem Ovayurt M.A\u00a0 PREP Program Teaching Units Head of Teaching Unit 1: Asl\u0131 Sa\u011f M.A. Head of Teaching Unit 2: Nazan &hellip; <a href=\"http:\/\/prep.bilkent.edu.tr\/en\/program-structure\/\">Continue reading <span class=\"meta-nav\">&rarr;<\/span><\/a><\/p>\n","protected":false},"author":1,"featured_media":0,"parent":0,"menu_order":0,"comment_status":"closed","ping_status":"closed","template":"","meta":{"_links_to":"","_links_to_target":""},"_links":{"self":[{"href":"http:\/\/prep.bilkent.edu.tr\/en\/wp-json\/wp\/v2\/pages\/1619"}],"collection":[{"href":"http:\/\/prep.bilkent.edu.tr\/en\/wp-json\/wp\/v2\/pages"}],"about":[{"href":"http:\/\/prep.bilkent.edu.tr\/en\/wp-json\/wp\/v2\/types\/page"}],"author":[{"embeddable":true,"href":"http:\/\/prep.bilkent.edu.tr\/en\/wp-json\/wp\/v2\/users\/1"}],"replies":[{"embeddable":true,"href":"http:\/\/prep.bilkent.edu.tr\/en\/wp-json\/wp\/v2\/comments?post=1619"}],"version-history":[{"count":24,"href":"http:\/\/prep.bilkent.edu.tr\/en\/wp-json\/wp\/v2\/pages\/1619\/revisions"}],"predecessor-version":[{"id":3265,"href":"http:\/\/prep.bilkent.edu.tr\/en\/wp-json\/wp\/v2\/pages\/1619\/revisions\/3265"}],"wp:attachment":[{"href":"http:\/\/prep.bilkent.edu.tr\/en\/wp-json\/wp\/v2\/media?parent=1619"}],"curies":[{"name":"wp","href":"https:\/\/api.w.org\/{rel}","templated":true}]}}