{"id":1661,"date":"2019-09-24T10:08:35","date_gmt":"2019-09-24T10:08:35","guid":{"rendered":"http:\/\/prep.bilkent.edu.tr\/en\/?page_id=1661"},"modified":"2026-05-05T07:23:24","modified_gmt":"2026-05-05T07:23:24","slug":"local-recruitment","status":"publish","type":"page","link":"http:\/\/prep.bilkent.edu.tr\/en\/employment-opportunities\/local-recruitment\/","title":{"rendered":"Local Recruitment"},"content":{"rendered":"<p>[vc_row 0=&#8221;&#8221;][vc_column][vc_column_text 0=&#8221;&#8221;]<\/p>\n<p style=\"background: white; margin: 0cm 0cm 11.25pt 0cm;\"><strong><span style=\"font-family: 'Arial',sans-serif; color: #333333;\"><span style=\"font-size: 14pt;\">FULL-TIME POSITIONS<\/span><br \/>\n<\/span><\/strong><\/p>\n<table width=\"645\">\n<tbody>\n<tr>\n<td width=\"645\"><strong>\u0130HSAN DO\u011eRAMACI B\u0130LKENT \u00dcN\u0130VERS\u0130TES\u0130 \u00d6\u011eRET\u0130M G\u00d6REVL\u0130S\u0130 ALIM \u0130LANI<\/strong><\/td>\n<\/tr>\n<tr>\n<td width=\"645\">2547 Say\u0131l\u0131 Y\u00fcksek \u00d6\u011fretim Kanununun 31. maddesine, 09 Kas\u0131m 2018 tarih ve 30590 say\u0131l\u0131 Resmi Gazetede yay\u0131nlanm\u0131\u015f olan \u201c\u00d6\u011fretim \u00dcyesi D\u0131\u015f\u0131ndaki \u00d6\u011fretim Eleman\u0131 Kadrolar\u0131na Yap\u0131lacak Atamalarda Uygulanacak Merkezi S\u0131nav ile Giri\u015f S\u0131navlar\u0131na \u0130li\u015fkin Usul ve Esaslar Hakk\u0131nda Y\u00f6netmelik\u201d maddelerine uygun olmak kayd\u0131 ile \u0130hsan Do\u011framac\u0131 Bilkent \u00dcniversitesi Akademik \u0130ngilizce Program\u0131&#8217;na tam g\u00fcn stat\u00fcde \u00e7al\u0131\u015facak \u00f6\u011fretim g\u00f6revlisi al\u0131nacakt\u0131r.<\/td>\n<\/tr>\n<tr>\n<td width=\"645\">\u00d6\u011fretim G\u00f6revlisi kadrosuna ba\u015fvuracaklar\u0131n, ilgili kadroya ba\u015fvuru dilek\u00e7eleri ile birlikte:<\/p>\n<p>1.\u00a0\u00a0 Noter veya resmi kurumlarca onaylanm\u0131\u015f diploma fotokopileri, yurt d\u0131\u015f\u0131ndan al\u0131nan diplomalar i\u00e7in denklik belgesi,<\/p>\n<p>2.\u00a0 N\u00fcfus c\u00fczdan\u0131, erkek adaylar i\u00e7in askerlik durumunu g\u00f6sterir belge,<\/p>\n<p>3.\u00a0 \u00d6zge\u00e7mi\u015f,<\/p>\n<p>4.\u00a0 \u00a0Ar\u015fiv ara\u015ft\u0131rmal\u0131 adli sicil belgesi<\/p>\n<p>5.\u00a0 \u00a0En az tezli y\u00fcksek lisans derecesine sahip adaylar\u0131n, son 5 y\u0131l i\u00e7inde al\u0131nm\u0131\u015f ALES (en az 70) ve YDS (en az 90) (veya 23 Mart 2016 tarih ve 29662 say\u0131l\u0131 Resm\u00ee Gazete\u2019de yay\u0131mlanan Y\u00fcksek\u00f6\u011fretim Kurumlar\u0131nda Yabanc\u0131 Dil \u00d6\u011fretimi ve Yabanc\u0131 Dille \u00d6\u011fretim Yap\u0131lmas\u0131nda Uyulacak Esaslara \u0130li\u015fkin Y\u00f6netmeli\u011fin ilgili maddelerindeki \u015fartlar\u0131n sa\u011flanmas\u0131 belgeleri ile bu ilan\u0131n yay\u0131m tarihinden itibaren 15 g\u00fcn i\u00e7erisinde Bilkent \u00dcniversitesi Yabanc\u0131 Diller B\u00f6l\u00fcm\u00fc Akademik \u0130ngilizce Program\u0131&#8217;na \u015fahsen ya da iadeli taahh\u00fctl\u00fc posta yoluyla teslim etmeleri gereklidir. \u0130nternet \u00fczerinden yap\u0131lan ba\u015fvurular kabul edilmeyecektir. Ba\u015fvuru i\u00e7in gerekli belgeler ve di\u011fer tamamlay\u0131c\u0131 bilgiler Yabanc\u0131 Diller B\u00f6l\u00fcm\u00fc Akademik \u0130ngilizce Program\u0131&#8217;ndan \u00f6\u011frenilebilir.<\/p>\n<p>&nbsp;<\/p>\n<p>\u0130lk ba\u015fvuru tarihi: 30.04.2026<\/p>\n<p>Son ba\u015fvuru tarihi: 14.05.2026<\/p>\n<p>\u00d6n de\u011ferlendirme tarihi: 18.05.2026 (Sonu\u00e7lar <a href=\"http:\/\/prep.bilkent.edu.tr\/en\/employment-opportunities\/local-recruitment\/\">http:\/\/prep.bilkent.edu.tr\/en\/employment-opportunities\/local-recruitment\/<\/a>\u00a0adresinde yay\u0131nlanacakt\u0131r.)<\/p>\n<p>Giri\u015f s\u0131nav tarihi: 22.05.2026<\/p>\n<p>Sonu\u00e7 a\u00e7\u0131klama tarihi: 03.06.2026 (Sonu\u00e7lar <a href=\"http:\/\/prep.bilkent.edu.tr\/en\/employment-opportunities\/local-recruitment\/\">http:\/\/prep.bilkent.edu.tr\/en\/employment-opportunities\/local-recruitment\/<\/a>\u00a0adresinde yay\u0131nlanacakt\u0131r.)<\/p>\n<p>&nbsp;<\/td>\n<\/tr>\n<tr>\n<td width=\"645\"><strong>FAK\u00dcLTE: <\/strong>Yabanc\u0131 Diller B\u00f6l\u00fcm\u00fc<\/td>\n<\/tr>\n<tr>\n<td width=\"645\"><strong>AKADEM\u0130K \u00dcNVANI: <\/strong>\u00d6\u011fretim G\u00f6revlisi<\/p>\n<p><strong>ALINACAK AKADEM\u0130SYEN SAYISI: <\/strong>1<\/td>\n<\/tr>\n<tr>\n<td width=\"645\"><strong>\u00d6ZEL KO\u015eULLAR: <\/strong><\/p>\n<p>\u0130ngiliz Dili ve Edebiyat\u0131, Amerikan K\u00fclt\u00fcr\u00fc ve Edebiyat\u0131, \u0130ngilizce \u00d6\u011fretmenli\u011fi, M\u00fctercim Terc\u00fcmanl\u0131k, \u00c7eviribilim, Yabanc\u0131 Diller Fak\u00fcltelerinden lisans mezunu olup alan\u0131nda tezli y\u00fcksek lisans yapm\u0131\u015f olmak ve en az iki y\u0131l alanda i\u015f tecr\u00fcbesine sahip olmak.<\/p>\n<p>&nbsp;<\/td>\n<\/tr>\n<tr>\n<td width=\"645\">BA\u015eVURU ADRES\u0130 : \u0130hsan Do\u011framac\u0131 Bilkent \u00dcniversitesi Yabanc\u0131 Diller B\u00f6l\u00fcm\u00fc Akademik \u0130ngilizce B\u00f6l\u00fcm\u00fc Merkez Kamp\u00fcs G Binas\u0131 Ofis: G-163 06800 Bilkent\/Ankara<\/td>\n<\/tr>\n<\/tbody>\n<\/table>\n<p>[\/vc_column_text][\/vc_column][\/vc_row]<\/p>\n","protected":false},"excerpt":{"rendered":"<p>[vc_row 0=&#8221;&#8221;][vc_column][vc_column_text 0=&#8221;&#8221;] FULL-TIME POSITIONS \u0130HSAN DO\u011eRAMACI B\u0130LKENT \u00dcN\u0130VERS\u0130TES\u0130 \u00d6\u011eRET\u0130M G\u00d6REVL\u0130S\u0130 ALIM \u0130LANI 2547 Say\u0131l\u0131 Y\u00fcksek \u00d6\u011fretim Kanununun 31. maddesine, 09 Kas\u0131m 2018 tarih ve 30590 say\u0131l\u0131 Resmi Gazetede yay\u0131nlanm\u0131\u015f olan \u201c\u00d6\u011fretim \u00dcyesi D\u0131\u015f\u0131ndaki \u00d6\u011fretim Eleman\u0131 Kadrolar\u0131na Yap\u0131lacak Atamalarda Uygulanacak Merkezi S\u0131nav ile Giri\u015f S\u0131navlar\u0131na \u0130li\u015fkin Usul ve Esaslar Hakk\u0131nda Y\u00f6netmelik\u201d maddelerine uygun olmak kayd\u0131 &hellip; <a href=\"http:\/\/prep.bilkent.edu.tr\/en\/employment-opportunities\/local-recruitment\/\">Continue reading <span class=\"meta-nav\">&rarr;<\/span><\/a><\/p>\n","protected":false},"author":1,"featured_media":0,"parent":1659,"menu_order":0,"comment_status":"closed","ping_status":"closed","template":"","meta":{"_links_to":"","_links_to_target":""},"_links":{"self":[{"href":"http:\/\/prep.bilkent.edu.tr\/en\/wp-json\/wp\/v2\/pages\/1661"}],"collection":[{"href":"http:\/\/prep.bilkent.edu.tr\/en\/wp-json\/wp\/v2\/pages"}],"about":[{"href":"http:\/\/prep.bilkent.edu.tr\/en\/wp-json\/wp\/v2\/types\/page"}],"author":[{"embeddable":true,"href":"http:\/\/prep.bilkent.edu.tr\/en\/wp-json\/wp\/v2\/users\/1"}],"replies":[{"embeddable":true,"href":"http:\/\/prep.bilkent.edu.tr\/en\/wp-json\/wp\/v2\/comments?post=1661"}],"version-history":[{"count":53,"href":"http:\/\/prep.bilkent.edu.tr\/en\/wp-json\/wp\/v2\/pages\/1661\/revisions"}],"predecessor-version":[{"id":3437,"href":"http:\/\/prep.bilkent.edu.tr\/en\/wp-json\/wp\/v2\/pages\/1661\/revisions\/3437"}],"up":[{"embeddable":true,"href":"http:\/\/prep.bilkent.edu.tr\/en\/wp-json\/wp\/v2\/pages\/1659"}],"wp:attachment":[{"href":"http:\/\/prep.bilkent.edu.tr\/en\/wp-json\/wp\/v2\/media?parent=1661"}],"curies":[{"name":"wp","href":"https:\/\/api.w.org\/{rel}","templated":true}]}}