{"id":2257,"date":"2021-09-22T07:25:25","date_gmt":"2021-09-22T07:25:25","guid":{"rendered":"http:\/\/prep.bilkent.edu.tr\/en\/?page_id=2257"},"modified":"2026-04-01T17:31:29","modified_gmt":"2026-04-01T17:31:29","slug":"pre-faculty-prep-151-155-cat","status":"publish","type":"page","link":"http:\/\/prep.bilkent.edu.tr\/en\/pre-faculty-prep-151-155-cat\/","title":{"rendered":"Pre-Faculty PREP 151\/155-CAT"},"content":{"rendered":"<p>[vc_row 0=&#8221;&#8221;][vc_column][vc_column_text 0=&#8221;&#8221;]<a href=\"http:\/\/prep.bilkent.edu.tr\/bolum-oncesi-duzey-pfc-prep-151-155-cat\/\" target=\"_blank\" rel=\"noopener\"><img decoding=\"async\" loading=\"lazy\" class=\"alignnone size-full wp-image-1843\" src=\"http:\/\/prep.bilkent.edu.tr\/en\/wp-content\/uploads\/2019\/10\/tr.png\" alt=\"\" width=\"100\" height=\"25\" srcset=\"http:\/\/prep.bilkent.edu.tr\/en\/wp-content\/uploads\/2019\/10\/tr.png 100w, http:\/\/prep.bilkent.edu.tr\/en\/wp-content\/uploads\/2019\/10\/tr-24x6.png 24w, http:\/\/prep.bilkent.edu.tr\/en\/wp-content\/uploads\/2019\/10\/tr-36x9.png 36w, http:\/\/prep.bilkent.edu.tr\/en\/wp-content\/uploads\/2019\/10\/tr-48x12.png 48w\" sizes=\"(max-width: 100px) 100vw, 100px\" \/><\/a><\/p>\n<p><a href=\"http:\/\/prep.bilkent.edu.tr\/en\/wp-content\/uploads\/2026\/04\/2025-2026-Period-4-PFC-8-Week-PREP-151-CAT-Information.pdf\"><strong><span style=\"vertical-align: inherit;\"><span style=\"vertical-align: inherit;\">Exam Information \u2013 PREP 151 <\/span><\/span><\/strong><\/a><br \/>\n<a href=\"http:\/\/prep.bilkent.edu.tr\/en\/wp-content\/uploads\/2026\/04\/2025-2026-Periods-34-PFC-13-Week-PREP-155-CAT-Information.pdf\"><strong><span style=\"vertical-align: inherit;\"><span style=\"vertical-align: inherit;\">Exam Information \u2013 PREP 155 <\/span><\/span><\/strong><\/a><br \/>\n<strong><a title=\"S\u0131nav G\u00f6rev T\u00fcrleri\" href=\"http:\/\/prep.bilkent.edu.tr\/en\/wp-content\/uploads\/2025\/09\/2025-2026-PFC-EXAM-TASK-TYPES.pdf\" target=\"_blank\" rel=\"noopener noreferrer external\" data-wpel-link=\"external\"><span style=\"vertical-align: inherit;\"><span style=\"vertical-align: inherit;\">Exam Task Types<\/span><\/span><\/a><\/strong><br \/>\n<a href=\"http:\/\/prep.bilkent.edu.tr\/en\/wp-content\/uploads\/2025\/10\/2025-26-ELPP-LEVEL-WORDLISTS.pdf\"><strong><span style=\"vertical-align: inherit;\"><span style=\"vertical-align: inherit;\">Word List<\/span><\/span><\/strong><\/a>[\/vc_column_text][\/vc_column][\/vc_row]<\/p>\n","protected":false},"excerpt":{"rendered":"<p>[vc_row 0=&#8221;&#8221;][vc_column][vc_column_text 0=&#8221;&#8221;] Exam Information \u2013 PREP 151 Exam Information \u2013 PREP 155 Exam Task Types Word List[\/vc_column_text][\/vc_column][\/vc_row]<\/p>\n","protected":false},"author":1,"featured_media":0,"parent":0,"menu_order":0,"comment_status":"closed","ping_status":"closed","template":"","meta":{"_links_to":"","_links_to_target":""},"_links":{"self":[{"href":"http:\/\/prep.bilkent.edu.tr\/en\/wp-json\/wp\/v2\/pages\/2257"}],"collection":[{"href":"http:\/\/prep.bilkent.edu.tr\/en\/wp-json\/wp\/v2\/pages"}],"about":[{"href":"http:\/\/prep.bilkent.edu.tr\/en\/wp-json\/wp\/v2\/types\/page"}],"author":[{"embeddable":true,"href":"http:\/\/prep.bilkent.edu.tr\/en\/wp-json\/wp\/v2\/users\/1"}],"replies":[{"embeddable":true,"href":"http:\/\/prep.bilkent.edu.tr\/en\/wp-json\/wp\/v2\/comments?post=2257"}],"version-history":[{"count":58,"href":"http:\/\/prep.bilkent.edu.tr\/en\/wp-json\/wp\/v2\/pages\/2257\/revisions"}],"predecessor-version":[{"id":3407,"href":"http:\/\/prep.bilkent.edu.tr\/en\/wp-json\/wp\/v2\/pages\/2257\/revisions\/3407"}],"wp:attachment":[{"href":"http:\/\/prep.bilkent.edu.tr\/en\/wp-json\/wp\/v2\/media?parent=2257"}],"curies":[{"name":"wp","href":"https:\/\/api.w.org\/{rel}","templated":true}]}}